{"id":4012,"date":"2025-05-07T13:19:06","date_gmt":"2025-05-07T17:19:06","guid":{"rendered":"https:\/\/maxetmilo.com\/?post_type=product&#038;p=4012"},"modified":"2025-10-08T11:38:49","modified_gmt":"2025-10-08T15:38:49","slug":"forest-daisies-reversible-dog-bandanas","status":"publish","type":"product","link":"https:\/\/maxetmilo.com\/fr\/shop\/forest-daisies-reversible-dog-bandanas\/","title":{"rendered":"Forage en Fleur | Bandana R\u00e9versible"},"content":{"rendered":"<p><class=\"dimensions\" \/><img fetchpriority=\"high\" decoding=\"async\" class=\"alignnone wp-image-4055\" src=\"https:\/\/maxetmilo.com\/wp-content\/uploads\/2025\/05\/BANDANA-SIZING.png\" alt=\"\" width=\"375\" height=\"375\" srcset=\"https:\/\/maxetmilo.com\/wp-content\/uploads\/2025\/05\/BANDANA-SIZING.png 1080w, https:\/\/maxetmilo.com\/wp-content\/uploads\/2025\/05\/BANDANA-SIZING-300x300.png 300w, https:\/\/maxetmilo.com\/wp-content\/uploads\/2025\/05\/BANDANA-SIZING-1024x1024.png 1024w, https:\/\/maxetmilo.com\/wp-content\/uploads\/2025\/05\/BANDANA-SIZING-150x150.png 150w, https:\/\/maxetmilo.com\/wp-content\/uploads\/2025\/05\/BANDANA-SIZING-768x768.png 768w, https:\/\/maxetmilo.com\/wp-content\/uploads\/2025\/05\/BANDANA-SIZING-12x12.png 12w, https:\/\/maxetmilo.com\/wp-content\/uploads\/2025\/05\/BANDANA-SIZING-500x500.png 500w, https:\/\/maxetmilo.com\/wp-content\/uploads\/2025\/05\/BANDANA-SIZING-1000x1000.png 1000w, https:\/\/maxetmilo.com\/wp-content\/uploads\/2025\/05\/BANDANA-SIZING-350x350.png 350w, https:\/\/maxetmilo.com\/wp-content\/uploads\/2025\/05\/BANDANA-SIZING-64x64.png 64w\" sizes=\"(max-width: 375px) 100vw, 375px\" \/><br \/>\n<br \/>\n<em>Veuillez noter que, comme cet article est fait main, de l\u00e9g\u00e8res variations de taille peuvent survenir. Si vous avez des questions, n\u2019h\u00e9sitez pas \u00e0 <a href=\"mailto:contact@maxetmilo.com\" target=\"_blank\"><strong>nous \u00e9crire<\/strong><\/a>.<\/em><\/p>","protected":false},"excerpt":{"rendered":"<p><em>Deux fois plus de marguerites, deux fois plus de charme<\/em>\u2014 chacune dans une couleur inspir\u00e9e par la nature.<br \/>\nL\u00e9ger et respirant, ce bandana r\u00e9versible change de look en un clin d\u2019\u0153il, parfait pour les balades en for\u00eat ou les apr\u00e8s-midis fleuris.<\/p>\n<p>\u2661 Coton tiss\u00e9 100 % premium<br \/>\n\u2661 R\u00e9versible<br \/>\n\u2661 Lavable en machine<br \/>\n\u2661 Fait main<\/p>","protected":false},"featured_media":4737,"comment_status":"open","ping_status":"closed","template":"","meta":{"_acf_changed":false},"product_brand":[],"product_cat":[15],"product_tag":[],"class_list":{"0":"post-4012","1":"product","2":"type-product","3":"status-publish","4":"has-post-thumbnail","6":"product_cat-all","8":"first","9":"instock","10":"featured","11":"shipping-taxable","12":"purchasable","13":"product-type-variable","14":"has-default-attributes"},"acf":[],"jetpack_sharing_enabled":true,"publishpress_future_workflow_manual_trigger":{"enabledWorkflows":[]},"_links":{"self":[{"href":"https:\/\/maxetmilo.com\/fr\/wp-json\/wp\/v2\/product\/4012","targetHints":{"allow":["GET"]}}],"collection":[{"href":"https:\/\/maxetmilo.com\/fr\/wp-json\/wp\/v2\/product"}],"about":[{"href":"https:\/\/maxetmilo.com\/fr\/wp-json\/wp\/v2\/types\/product"}],"replies":[{"embeddable":true,"href":"https:\/\/maxetmilo.com\/fr\/wp-json\/wp\/v2\/comments?post=4012"}],"version-history":[{"count":17,"href":"https:\/\/maxetmilo.com\/fr\/wp-json\/wp\/v2\/product\/4012\/revisions"}],"predecessor-version":[{"id":4736,"href":"https:\/\/maxetmilo.com\/fr\/wp-json\/wp\/v2\/product\/4012\/revisions\/4736"}],"wp:featuredmedia":[{"embeddable":true,"href":"https:\/\/maxetmilo.com\/fr\/wp-json\/wp\/v2\/media\/4737"}],"wp:attachment":[{"href":"https:\/\/maxetmilo.com\/fr\/wp-json\/wp\/v2\/media?parent=4012"}],"wp:term":[{"taxonomy":"product_brand","embeddable":true,"href":"https:\/\/maxetmilo.com\/fr\/wp-json\/wp\/v2\/product_brand?post=4012"},{"taxonomy":"product_cat","embeddable":true,"href":"https:\/\/maxetmilo.com\/fr\/wp-json\/wp\/v2\/product_cat?post=4012"},{"taxonomy":"product_tag","embeddable":true,"href":"https:\/\/maxetmilo.com\/fr\/wp-json\/wp\/v2\/product_tag?post=4012"}],"curies":[{"name":"wp","href":"https:\/\/api.w.org\/{rel}","templated":true}]}}