{"id":3825,"date":"2024-12-12T13:47:26","date_gmt":"2024-12-12T17:47:26","guid":{"rendered":"https:\/\/maxetmilo.com\/?post_type=product&#038;p=3825"},"modified":"2025-10-08T11:38:49","modified_gmt":"2025-10-08T15:38:49","slug":"holiday-dog-bandana","status":"publish","type":"product","link":"https:\/\/maxetmilo.com\/fr\/shop\/holiday-dog-bandana\/","title":{"rendered":"Bandana de No\u00ebl"},"content":{"rendered":"<p>XS\/S : Fits necks up to 15<\/p>\n<p>S\/M : Fits necks up to 21&#8243;<\/p>\n<p>M\/L : Fits necks up to 26&#8243;<br class=\"dimensions\" \/><br class=\"dimensions\" \/>\u2661 Veuillez noter que de l\u00e9g\u00e8res variations de taille peuvent survenir, puisque ce produit est fait \u00e0 la main! Si vous avez des questions, n'h\u00e9sitez pas \u00e0 nous contacter par courriel ou sur les r\u00e9seaux sociaux!<\/p>","protected":false},"excerpt":{"rendered":"<p>Un essentiel des F\u00eates pour votre pitou !<br \/>\nLe bandana des F\u00eates pour chien est l'ajout parfait \u00e0 vos c\u00e9l\u00e9brations de f\u00eates! Pendant que vous d\u00e9corez la maison et pr\u00e9parez les festivit\u00e9s, pourquoi ne pas aussi d\u00e9corer votre toutou? Ce bandana rendra votre chien aussi festif que votre maison!<\/p>\n<p>\u2661 Fait au Quebec<\/p>","protected":false},"featured_media":3827,"comment_status":"open","ping_status":"closed","template":"","meta":{"_acf_changed":false},"product_brand":[],"product_cat":[15],"product_tag":[],"class_list":{"0":"post-3825","1":"product","2":"type-product","3":"status-publish","4":"has-post-thumbnail","6":"product_cat-all","8":"first","9":"outofstock","10":"sale","11":"shipping-taxable","12":"purchasable","13":"product-type-variable"},"acf":[],"jetpack_sharing_enabled":true,"publishpress_future_workflow_manual_trigger":{"enabledWorkflows":[]},"_links":{"self":[{"href":"https:\/\/maxetmilo.com\/fr\/wp-json\/wp\/v2\/product\/3825","targetHints":{"allow":["GET"]}}],"collection":[{"href":"https:\/\/maxetmilo.com\/fr\/wp-json\/wp\/v2\/product"}],"about":[{"href":"https:\/\/maxetmilo.com\/fr\/wp-json\/wp\/v2\/types\/product"}],"replies":[{"embeddable":true,"href":"https:\/\/maxetmilo.com\/fr\/wp-json\/wp\/v2\/comments?post=3825"}],"version-history":[{"count":9,"href":"https:\/\/maxetmilo.com\/fr\/wp-json\/wp\/v2\/product\/3825\/revisions"}],"predecessor-version":[{"id":4003,"href":"https:\/\/maxetmilo.com\/fr\/wp-json\/wp\/v2\/product\/3825\/revisions\/4003"}],"wp:featuredmedia":[{"embeddable":true,"href":"https:\/\/maxetmilo.com\/fr\/wp-json\/wp\/v2\/media\/3827"}],"wp:attachment":[{"href":"https:\/\/maxetmilo.com\/fr\/wp-json\/wp\/v2\/media?parent=3825"}],"wp:term":[{"taxonomy":"product_brand","embeddable":true,"href":"https:\/\/maxetmilo.com\/fr\/wp-json\/wp\/v2\/product_brand?post=3825"},{"taxonomy":"product_cat","embeddable":true,"href":"https:\/\/maxetmilo.com\/fr\/wp-json\/wp\/v2\/product_cat?post=3825"},{"taxonomy":"product_tag","embeddable":true,"href":"https:\/\/maxetmilo.com\/fr\/wp-json\/wp\/v2\/product_tag?post=3825"}],"curies":[{"name":"wp","href":"https:\/\/api.w.org\/{rel}","templated":true}]}}