{"id":3569,"date":"2024-11-05T15:41:29","date_gmt":"2024-11-05T19:41:29","guid":{"rendered":"https:\/\/maxetmilo.com\/?post_type=product&#038;p=3569"},"modified":"2025-10-08T11:38:50","modified_gmt":"2025-10-08T15:38:50","slug":"felt-dog-bone","status":"publish","type":"product","link":"https:\/\/maxetmilo.com\/fr\/shop\/felt-dog-bone\/","title":{"rendered":"Jouet os en laine"},"content":{"rendered":"<p>Dimensions : 16.5cm<\/p>","protected":false},"excerpt":{"rendered":"<p><em>T\u2019es mon brin de laine pr\u00e9f\u00e9r\u00e9<\/em> \ud83d\udc11<br \/>\nL\u2019amour, c\u2019est doux comme la laine. Et ton chien le sait. Un jouet en laine 100\u202f% naturel, compostable et tendre sur les dents (et la plan\u00e8te).<\/p>\n<p>\u2661 Sans plastique<br \/>\n\u2661 Upcycl\u00e9<br \/>\n\u2661 \u00c9thique<br \/>\n\u2661 Z\u00e9ro d\u00e9chet<\/p>","protected":false},"featured_media":3579,"comment_status":"closed","ping_status":"closed","template":"","meta":{"_acf_changed":false},"product_brand":[],"product_cat":[15,37],"product_tag":[],"class_list":{"0":"post-3569","1":"product","2":"type-product","3":"status-publish","4":"has-post-thumbnail","6":"product_cat-all","7":"product_cat-play","9":"first","10":"instock","11":"featured","12":"shipping-taxable","13":"purchasable","14":"product-type-variable","15":"has-default-attributes"},"acf":[],"jetpack_sharing_enabled":true,"publishpress_future_workflow_manual_trigger":{"enabledWorkflows":[]},"_links":{"self":[{"href":"https:\/\/maxetmilo.com\/fr\/wp-json\/wp\/v2\/product\/3569","targetHints":{"allow":["GET"]}}],"collection":[{"href":"https:\/\/maxetmilo.com\/fr\/wp-json\/wp\/v2\/product"}],"about":[{"href":"https:\/\/maxetmilo.com\/fr\/wp-json\/wp\/v2\/types\/product"}],"replies":[{"embeddable":true,"href":"https:\/\/maxetmilo.com\/fr\/wp-json\/wp\/v2\/comments?post=3569"}],"version-history":[{"count":7,"href":"https:\/\/maxetmilo.com\/fr\/wp-json\/wp\/v2\/product\/3569\/revisions"}],"predecessor-version":[{"id":4693,"href":"https:\/\/maxetmilo.com\/fr\/wp-json\/wp\/v2\/product\/3569\/revisions\/4693"}],"wp:featuredmedia":[{"embeddable":true,"href":"https:\/\/maxetmilo.com\/fr\/wp-json\/wp\/v2\/media\/3579"}],"wp:attachment":[{"href":"https:\/\/maxetmilo.com\/fr\/wp-json\/wp\/v2\/media?parent=3569"}],"wp:term":[{"taxonomy":"product_brand","embeddable":true,"href":"https:\/\/maxetmilo.com\/fr\/wp-json\/wp\/v2\/product_brand?post=3569"},{"taxonomy":"product_cat","embeddable":true,"href":"https:\/\/maxetmilo.com\/fr\/wp-json\/wp\/v2\/product_cat?post=3569"},{"taxonomy":"product_tag","embeddable":true,"href":"https:\/\/maxetmilo.com\/fr\/wp-json\/wp\/v2\/product_tag?post=3569"}],"curies":[{"name":"wp","href":"https:\/\/api.w.org\/{rel}","templated":true}]}}