{"id":1534,"date":"2024-07-18T20:22:04","date_gmt":"2024-07-18T20:22:04","guid":{"rendered":"http:\/\/maxemilo.local\/?post_type=product&#038;p=1534"},"modified":"2025-10-14T00:41:35","modified_gmt":"2025-10-14T04:41:35","slug":"everyday-harness","status":"publish","type":"product","link":"https:\/\/maxetmilo.com\/fr\/shop\/everyday-harness\/","title":{"rendered":"Harnais 'Everyday'"},"content":{"rendered":"<p><img fetchpriority=\"high\" decoding=\"async\" src=\"https:\/\/maxetmilo.com\/wp-content\/uploads\/2024\/07\/Vegan-Harness-Sizing-WEB.png\" alt=\"\" width=\"250\" height=\"250\" class=\"alignnone size-full wp-image-1501\" srcset=\"https:\/\/maxetmilo.com\/wp-content\/uploads\/2024\/07\/Vegan-Harness-Sizing-WEB.png 1200w, https:\/\/maxetmilo.com\/wp-content\/uploads\/2024\/07\/Vegan-Harness-Sizing-WEB-500x500.png 500w, https:\/\/maxetmilo.com\/wp-content\/uploads\/2024\/07\/Vegan-Harness-Sizing-WEB-350x350.png 350w, https:\/\/maxetmilo.com\/wp-content\/uploads\/2024\/07\/Vegan-Harness-Sizing-WEB-1000x1000.png 1000w, https:\/\/maxetmilo.com\/wp-content\/uploads\/2024\/07\/Vegan-Harness-Sizing-WEB-64x64.png 64w, https:\/\/maxetmilo.com\/wp-content\/uploads\/2024\/07\/Vegan-Harness-Sizing-WEB-300x300.png 300w, https:\/\/maxetmilo.com\/wp-content\/uploads\/2024\/07\/Vegan-Harness-Sizing-WEB-1024x1024.png 1024w, https:\/\/maxetmilo.com\/wp-content\/uploads\/2024\/07\/Vegan-Harness-Sizing-WEB-150x150.png 150w, https:\/\/maxetmilo.com\/wp-content\/uploads\/2024\/07\/Vegan-Harness-Sizing-WEB-768x768.png 768w\" sizes=\"(max-width: 250px) 100vw, 250px\" \/><\/p>\n<p>Pas s\u00fbr(e) de la taille? | <a href=\"https:\/\/maxetmilo.com\/fr\/sizing\/\" target=\"_blank\"><strong>Comment bien mesurer son chien<\/strong><\/a><\/p>","protected":false},"excerpt":{"rendered":"<p>Le partenaire id\u00e9al pour ta laisse. Le m\u00eame mat\u00e9riel imperm\u00e9able que tu adores \u2014 juste plus solide pour ceux qui tirent, plus confortable, et compl\u00e8tement \u00e9tanche pour que tout reste propre et sec.<\/p>\n<p><em>Parce qu\u2019on va se le dire, \u00e0 quoi bon une laisse imperm\u00e9able si ton harnais ne l\u2019est pas ?<\/em><\/p>\n<p>\u2661 V\u00e9gane<br \/>\n\u2661 Imperm\u00e9able<br \/>\n\u2661 R\u00e9sistante aux odeurs<br \/>\n\u2661 Sans cruaut\u00e9<\/p>","protected":false},"featured_media":1606,"comment_status":"closed","ping_status":"closed","template":"","meta":{"_acf_changed":false},"product_brand":[],"product_cat":[15,36],"product_tag":[],"class_list":{"0":"post-1534","1":"product","2":"type-product","3":"status-publish","4":"has-post-thumbnail","6":"product_cat-all","7":"product_cat-walk","8":"product_shipping_class-regular-packages","10":"first","11":"instock","12":"featured","13":"shipping-taxable","14":"purchasable","15":"product-type-variable","16":"has-default-attributes"},"acf":[],"jetpack_sharing_enabled":true,"publishpress_future_workflow_manual_trigger":{"enabledWorkflows":[]},"_links":{"self":[{"href":"https:\/\/maxetmilo.com\/fr\/wp-json\/wp\/v2\/product\/1534","targetHints":{"allow":["GET"]}}],"collection":[{"href":"https:\/\/maxetmilo.com\/fr\/wp-json\/wp\/v2\/product"}],"about":[{"href":"https:\/\/maxetmilo.com\/fr\/wp-json\/wp\/v2\/types\/product"}],"replies":[{"embeddable":true,"href":"https:\/\/maxetmilo.com\/fr\/wp-json\/wp\/v2\/comments?post=1534"}],"version-history":[{"count":53,"href":"https:\/\/maxetmilo.com\/fr\/wp-json\/wp\/v2\/product\/1534\/revisions"}],"predecessor-version":[{"id":1692,"href":"https:\/\/maxetmilo.com\/fr\/wp-json\/wp\/v2\/product\/1534\/revisions\/1692"}],"wp:featuredmedia":[{"embeddable":true,"href":"https:\/\/maxetmilo.com\/fr\/wp-json\/wp\/v2\/media\/1606"}],"wp:attachment":[{"href":"https:\/\/maxetmilo.com\/fr\/wp-json\/wp\/v2\/media?parent=1534"}],"wp:term":[{"taxonomy":"product_brand","embeddable":true,"href":"https:\/\/maxetmilo.com\/fr\/wp-json\/wp\/v2\/product_brand?post=1534"},{"taxonomy":"product_cat","embeddable":true,"href":"https:\/\/maxetmilo.com\/fr\/wp-json\/wp\/v2\/product_cat?post=1534"},{"taxonomy":"product_tag","embeddable":true,"href":"https:\/\/maxetmilo.com\/fr\/wp-json\/wp\/v2\/product_tag?post=1534"}],"curies":[{"name":"wp","href":"https:\/\/api.w.org\/{rel}","templated":true}]}}