{"id":4278,"date":"2025-06-21T15:12:14","date_gmt":"2025-06-21T19:12:14","guid":{"rendered":"https:\/\/maxetmilo.com\/?page_id=4278"},"modified":"2025-06-23T14:46:23","modified_gmt":"2025-06-23T18:46:23","slug":"home","status":"publish","type":"page","link":"https:\/\/maxetmilo.com\/fr\/","title":{"rendered":"Home"},"content":{"rendered":"<div data-elementor-type=\"wp-page\" data-elementor-id=\"4278\" class=\"elementor elementor-4278\" data-elementor-post-type=\"page\">\n\t\t\t\t<div class=\"elementor-element elementor-element-2599956 e-con-full e-flex e-con e-parent\" data-id=\"2599956\" data-element_type=\"container\" data-e-type=\"container\" data-settings=\"{&quot;background_background&quot;:&quot;classic&quot;}\">\n\t\t\t\t<\/div>\n\t\t<div class=\"elementor-element elementor-element-cd79444 e-con-full e-flex e-con e-parent\" data-id=\"cd79444\" data-element_type=\"container\" data-e-type=\"container\" data-settings=\"{&quot;background_background&quot;:&quot;classic&quot;}\">\n\t\t<div class=\"elementor-element elementor-element-f2fbd13 e-con-full elementor-hidden-tablet elementor-hidden-mobile e-flex e-con e-child\" data-id=\"f2fbd13\" data-element_type=\"container\" data-e-type=\"container\">\n\t\t\t\t<\/div>\n\t\t<div class=\"elementor-element elementor-element-c390b56 e-con-full e-flex e-con e-child\" data-id=\"c390b56\" data-element_type=\"container\" data-e-type=\"container\">\n\t\t\t\t<div class=\"elementor-element elementor-element-36ea791 elementor-widget elementor-widget-heading\" data-id=\"36ea791\" data-element_type=\"widget\" data-e-type=\"widget\" data-widget_type=\"heading.default\">\n\t\t\t\t<div class=\"elementor-widget-container\">\n\t\t\t\t\t<h2 class=\"elementor-heading-title elementor-size-default\">Ton chien m\u00e9rite ce qu\u2019il y a de mieux<\/h2>\t\t\t\t<\/div>\n\t\t\t\t<\/div>\n\t\t\t\t<div class=\"elementor-element elementor-element-9cf4510 elementor-widget elementor-widget-heading\" data-id=\"9cf4510\" data-element_type=\"widget\" data-e-type=\"widget\" data-widget_type=\"heading.default\">\n\t\t\t\t<div class=\"elementor-widget-container\">\n\t\t\t\t\t<h2 class=\"elementor-heading-title elementor-size-default\">L\u00e0 o\u00f9 le style rencontre la fonctionnalit\u00e9<\/h2>\t\t\t\t<\/div>\n\t\t\t\t<\/div>\n\t\t\t\t<div class=\"elementor-element elementor-element-30a9e1d elementor-align-center elementor-widget elementor-widget-button\" data-id=\"30a9e1d\" data-element_type=\"widget\" data-e-type=\"widget\" data-widget_type=\"button.default\">\n\t\t\t\t<div class=\"elementor-widget-container\">\n\t\t\t\t\t\t\t\t\t<div class=\"elementor-button-wrapper\">\n\t\t\t\t\t<a class=\"elementor-button elementor-button-link elementor-size-sm elementor-animation-hang\" href=\"https:\/\/maxetmilo.com\/fr\/shop\/\">\n\t\t\t\t\t\t<span class=\"elementor-button-content-wrapper\">\n\t\t\t\t\t\t\t\t\t<span class=\"elementor-button-text\">G\u00e2tez votre pitou<\/span>\n\t\t\t\t\t<\/span>\n\t\t\t\t\t<\/a>\n\t\t\t\t<\/div>\n\t\t\t\t\t\t\t\t<\/div>\n\t\t\t\t<\/div>\n\t\t\t\t<\/div>\n\t\t\t\t<\/div>\n\t\t<div class=\"elementor-element elementor-element-5dbdbff e-con-full e-flex e-con e-parent\" data-id=\"5dbdbff\" data-element_type=\"container\" data-e-type=\"container\" data-settings=\"{&quot;background_background&quot;:&quot;classic&quot;}\">\n\t\t\t\t<\/div>\n\t\t<div class=\"elementor-element elementor-element-b8a1eec e-con-full e-flex e-con e-parent\" data-id=\"b8a1eec\" data-element_type=\"container\" data-e-type=\"container\" data-settings=\"{&quot;background_background&quot;:&quot;classic&quot;}\">\n\t\t<div class=\"elementor-element elementor-element-068242b e-con-full e-flex e-con e-child\" data-id=\"068242b\" data-element_type=\"container\" data-e-type=\"container\" data-settings=\"{&quot;background_background&quot;:&quot;classic&quot;}\">\n\t\t\t\t<div class=\"elementor-element elementor-element-096ad9e elementor-widget elementor-widget-heading\" data-id=\"096ad9e\" data-element_type=\"widget\" data-e-type=\"widget\" data-widget_type=\"heading.default\">\n\t\t\t\t<div class=\"elementor-widget-container\">\n\t\t\t\t\t<h2 class=\"elementor-heading-title elementor-size-default\">\u00c0 l'ext\u00e9rieur du Canada?<\/h2>\t\t\t\t<\/div>\n\t\t\t\t<\/div>\n\t\t\t\t<div class=\"elementor-element elementor-element-98d269a elementor-widget elementor-widget-heading\" data-id=\"98d269a\" data-element_type=\"widget\" data-e-type=\"widget\" data-widget_type=\"heading.default\">\n\t\t\t\t<div class=\"elementor-widget-container\">\n\t\t\t\t\t<h2 class=\"elementor-heading-title elementor-size-default\">Commandes internationales disponibles via Etsy<\/h2>\t\t\t\t<\/div>\n\t\t\t\t<\/div>\n\t\t\t\t<div class=\"elementor-element elementor-element-69ec609 elementor-widget elementor-widget-text-editor\" data-id=\"69ec609\" data-element_type=\"widget\" data-e-type=\"widget\" data-widget_type=\"text-editor.default\">\n\t\t\t\t<div class=\"elementor-widget-container\">\n\t\t\t\t\t\t\t\t\t<p>En raison de r\u00e9cents changements dans la r\u00e9glementation du commerce international et des tarifs douaniers, nous avons apport\u00e9 des ajustements afin d\u2019offrir une exp\u00e9rience d\u2019achat plus fluide \u00e0 nos pr\u00e9cieux clients internationaux.<\/p>\t\t\t\t\t\t\t\t<\/div>\n\t\t\t\t<\/div>\n\t\t\t\t<div class=\"elementor-element elementor-element-66a8d92 elementor-align-center elementor-widget elementor-widget-button\" data-id=\"66a8d92\" data-element_type=\"widget\" data-e-type=\"widget\" data-widget_type=\"button.default\">\n\t\t\t\t<div class=\"elementor-widget-container\">\n\t\t\t\t\t\t\t\t\t<div class=\"elementor-button-wrapper\">\n\t\t\t\t\t<a class=\"elementor-button elementor-button-link elementor-size-sm elementor-animation-hang\" href=\"https:\/\/maxetmilo.etsy.com\/\">\n\t\t\t\t\t\t<span class=\"elementor-button-content-wrapper\">\n\t\t\t\t\t\t\t\t\t<span class=\"elementor-button-text\">Trouvez nous sur Etsy<\/span>\n\t\t\t\t\t<\/span>\n\t\t\t\t\t<\/a>\n\t\t\t\t<\/div>\n\t\t\t\t\t\t\t\t<\/div>\n\t\t\t\t<\/div>\n\t\t\t\t<\/div>\n\t\t\t\t<\/div>\n\t\t<div class=\"elementor-element elementor-element-aaad6d4 e-con-full e-flex e-con e-parent\" data-id=\"aaad6d4\" data-element_type=\"container\" data-e-type=\"container\" data-settings=\"{&quot;background_background&quot;:&quot;classic&quot;}\">\n\t\t\t\t<\/div>\n\t\t<div class=\"elementor-element elementor-element-291362b e-con-full e-flex e-con e-parent\" data-id=\"291362b\" data-element_type=\"container\" data-e-type=\"container\" data-settings=\"{&quot;background_background&quot;:&quot;classic&quot;}\">\n\t\t<div class=\"elementor-element elementor-element-5e515b3 e-con-full elementor-hidden-tablet elementor-hidden-mobile e-flex e-con e-child\" data-id=\"5e515b3\" data-element_type=\"container\" data-e-type=\"container\">\n\t\t\t\t<\/div>\n\t\t<div class=\"elementor-element elementor-element-133ac9a e-con-full e-flex e-con e-child\" data-id=\"133ac9a\" data-element_type=\"container\" data-e-type=\"container\">\n\t\t\t\t<div class=\"elementor-element elementor-element-88dbee5 elementor-widget elementor-widget-heading\" data-id=\"88dbee5\" data-element_type=\"widget\" data-e-type=\"widget\" data-widget_type=\"heading.default\">\n\t\t\t\t<div class=\"elementor-widget-container\">\n\t\t\t\t\t<h2 class=\"elementor-heading-title elementor-size-default\">Bien plus que des chiens<\/h2>\t\t\t\t<\/div>\n\t\t\t\t<\/div>\n\t\t\t\t<div class=\"elementor-element elementor-element-a11ccba elementor-widget elementor-widget-heading\" data-id=\"a11ccba\" data-element_type=\"widget\" data-e-type=\"widget\" data-widget_type=\"heading.default\">\n\t\t\t\t<div class=\"elementor-widget-container\">\n\t\t\t\t\t<h2 class=\"elementor-heading-title elementor-size-default\">Ils sont leurs propres petites personnes<\/h2>\t\t\t\t<\/div>\n\t\t\t\t<\/div>\n\t\t\t\t<div class=\"elementor-element elementor-element-6842ca9 elementor-align-center elementor-widget elementor-widget-button\" data-id=\"6842ca9\" data-element_type=\"widget\" data-e-type=\"widget\" data-widget_type=\"button.default\">\n\t\t\t\t<div class=\"elementor-widget-container\">\n\t\t\t\t\t\t\t\t\t<div class=\"elementor-button-wrapper\">\n\t\t\t\t\t<a class=\"elementor-button elementor-button-link elementor-size-sm elementor-animation-hang\" href=\"https:\/\/maxetmilo.com\/fr\/about-us\/\">\n\t\t\t\t\t\t<span class=\"elementor-button-content-wrapper\">\n\t\t\t\t\t\t\t\t\t<span class=\"elementor-button-text\">D\u00e9couvrir plus<\/span>\n\t\t\t\t\t<\/span>\n\t\t\t\t\t<\/a>\n\t\t\t\t<\/div>\n\t\t\t\t\t\t\t\t<\/div>\n\t\t\t\t<\/div>\n\t\t\t\t<\/div>\n\t\t\t\t<\/div>\n\t\t<div class=\"elementor-element elementor-element-705eca2 e-con-full e-flex e-con e-parent\" data-id=\"705eca2\" data-element_type=\"container\" data-e-type=\"container\" data-settings=\"{&quot;background_background&quot;:&quot;classic&quot;}\">\n\t\t\t\t<\/div>\n\t\t<div class=\"elementor-element elementor-element-7e5c4ff e-con-full e-flex e-con e-parent\" data-id=\"7e5c4ff\" data-element_type=\"container\" data-e-type=\"container\" data-settings=\"{&quot;background_background&quot;:&quot;classic&quot;}\">\n\t\t<div class=\"elementor-element elementor-element-edafbec e-con-full e-flex e-con e-child\" data-id=\"edafbec\" data-element_type=\"container\" data-e-type=\"container\" data-settings=\"{&quot;background_background&quot;:&quot;classic&quot;}\">\n\t\t\t\t<div class=\"elementor-element elementor-element-6752c94 elementor-widget elementor-widget-heading\" data-id=\"6752c94\" data-element_type=\"widget\" data-e-type=\"widget\" data-widget_type=\"heading.default\">\n\t\t\t\t<div class=\"elementor-widget-container\">\n\t\t\t\t\t<h2 class=\"elementor-heading-title elementor-size-default\">Les coups de c\u0153ur<\/h2>\t\t\t\t<\/div>\n\t\t\t\t<\/div>\n\t\t\t\t<div class=\"elementor-element elementor-element-d0a079f elementor-product-loop-item--align-center elementor-grid-5 elementor-grid-mobile-2 elementor-product-loop-item--align-left elementor-widget-mobile__width-inherit elementor-grid-tablet-3 elementor-products-grid elementor-wc-products elementor-widget elementor-widget-woocommerce-products\" data-id=\"d0a079f\" data-element_type=\"widget\" data-e-type=\"widget\" data-widget_type=\"woocommerce-products.default\">\n\t\t\t\t<div class=\"elementor-widget-container\">\n\t\t\t\t\t<div class=\"woocommerce columns-5\"><ul class=\"products elementor-grid columns-5\">\n<li class=\"product type-product post-4012 status-publish first instock product_cat-all has-post-thumbnail featured shipping-taxable purchasable product-type-variable has-default-attributes\">\n\t<a href=\"https:\/\/maxetmilo.com\/fr\/shop\/forest-daisies-reversible-dog-bandanas\/\" class=\"woocommerce-LoopProduct-link woocommerce-loop-product__link\"><img fetchpriority=\"high\" decoding=\"async\" width=\"500\" height=\"500\" src=\"https:\/\/maxetmilo.com\/wp-content\/uploads\/2025\/05\/1-1-500x500.jpg\" class=\"attachment-woocommerce_thumbnail size-woocommerce_thumbnail\" alt=\"Forage Bloom | Reversible Bandana\" srcset=\"https:\/\/maxetmilo.com\/wp-content\/uploads\/2025\/05\/1-1-500x500.jpg 500w, https:\/\/maxetmilo.com\/wp-content\/uploads\/2025\/05\/1-1-150x150.jpg 150w, https:\/\/maxetmilo.com\/wp-content\/uploads\/2025\/05\/1-1-1000x1000.jpg 1000w, https:\/\/maxetmilo.com\/wp-content\/uploads\/2025\/05\/1-1-350x350.jpg 350w\" sizes=\"(max-width: 500px) 100vw, 500px\" \/><h2 class=\"woocommerce-loop-product__title\">Forage en Fleur | Bandana R\u00e9versible<\/h2>\n            <!-- Display minimum price for variable products -->\n        <span class=\"price\">\u00c0 partir de <span class=\"woocommerce-Price-amount amount\"><bdi><span class=\"woocommerce-Price-currencySymbol\">&#36;<\/span>20.00<\/bdi><\/span><\/span>\n\n            <\/a><\/li>\n<li class=\"product type-product post-3631 status-publish instock product_cat-all product_cat-walk has-post-thumbnail sale featured shipping-taxable purchasable product-type-variable has-default-attributes\">\n\t<a href=\"https:\/\/maxetmilo.com\/fr\/shop\/collar-walk-set\/\" class=\"woocommerce-LoopProduct-link woocommerce-loop-product__link\">\n\t<span class=\"onsale\">\u00c9conomisez maintenant!<\/span>\n\t<img decoding=\"async\" width=\"500\" height=\"500\" src=\"https:\/\/maxetmilo.com\/wp-content\/uploads\/2024\/11\/IMG_3653-Copy-500x500.jpg\" class=\"attachment-woocommerce_thumbnail size-woocommerce_thumbnail\" alt=\"Everyday Collar Walk Bundle\" srcset=\"https:\/\/maxetmilo.com\/wp-content\/uploads\/2024\/11\/IMG_3653-Copy-500x500.jpg 500w, https:\/\/maxetmilo.com\/wp-content\/uploads\/2024\/11\/IMG_3653-Copy-300x300.jpg 300w, https:\/\/maxetmilo.com\/wp-content\/uploads\/2024\/11\/IMG_3653-Copy-1024x1024.jpg 1024w, https:\/\/maxetmilo.com\/wp-content\/uploads\/2024\/11\/IMG_3653-Copy-150x150.jpg 150w, https:\/\/maxetmilo.com\/wp-content\/uploads\/2024\/11\/IMG_3653-Copy-768x768.jpg 768w, https:\/\/maxetmilo.com\/wp-content\/uploads\/2024\/11\/IMG_3653-Copy-1536x1536.jpg 1536w, https:\/\/maxetmilo.com\/wp-content\/uploads\/2024\/11\/IMG_3653-Copy-2048x2048.jpg 2048w, https:\/\/maxetmilo.com\/wp-content\/uploads\/2024\/11\/IMG_3653-Copy-12x12.jpg 12w, https:\/\/maxetmilo.com\/wp-content\/uploads\/2024\/11\/IMG_3653-Copy-1000x1000.jpg 1000w, https:\/\/maxetmilo.com\/wp-content\/uploads\/2024\/11\/IMG_3653-Copy-350x350.jpg 350w, https:\/\/maxetmilo.com\/wp-content\/uploads\/2024\/11\/IMG_3653-Copy-64x64.jpg 64w\" sizes=\"(max-width: 500px) 100vw, 500px\" \/><h2 class=\"woocommerce-loop-product__title\">Ensemble 'Everyday' avec collier<\/h2>\n            <!-- Display minimum price for variable products -->\n        <span class=\"price\">\u00c0 partir de <span class=\"woocommerce-Price-amount amount\"><bdi><span class=\"woocommerce-Price-currencySymbol\">&#36;<\/span>65.00<\/bdi><\/span><\/span>\n\n                    <span class=\"price\">     \n\t\t\t\t-                 <del><span class=\"woocommerce-Price-amount amount\"><bdi><span class=\"woocommerce-Price-currencySymbol\">&#36;<\/span>80.75<\/bdi><\/span><\/del>\n\t\t\t<\/span>\n            <\/a><\/li>\n<li class=\"product type-product post-3600 status-publish instock product_cat-all product_cat-walk has-post-thumbnail sale featured shipping-taxable purchasable product-type-variable has-default-attributes\">\n\t<a href=\"https:\/\/maxetmilo.com\/fr\/shop\/everyday-dog-collar\/\" class=\"woocommerce-LoopProduct-link woocommerce-loop-product__link\">\n\t<span class=\"onsale\">\u00c9conomisez maintenant!<\/span>\n\t<img decoding=\"async\" width=\"500\" height=\"500\" src=\"https:\/\/maxetmilo.com\/wp-content\/uploads\/2024\/11\/sqIMG_3618-500x500.jpg\" class=\"attachment-woocommerce_thumbnail size-woocommerce_thumbnail\" alt=\"Everyday Dog Collar\" srcset=\"https:\/\/maxetmilo.com\/wp-content\/uploads\/2024\/11\/sqIMG_3618-500x500.jpg 500w, https:\/\/maxetmilo.com\/wp-content\/uploads\/2024\/11\/sqIMG_3618-300x300.jpg 300w, https:\/\/maxetmilo.com\/wp-content\/uploads\/2024\/11\/sqIMG_3618-1024x1024.jpg 1024w, https:\/\/maxetmilo.com\/wp-content\/uploads\/2024\/11\/sqIMG_3618-150x150.jpg 150w, https:\/\/maxetmilo.com\/wp-content\/uploads\/2024\/11\/sqIMG_3618-768x768.jpg 768w, https:\/\/maxetmilo.com\/wp-content\/uploads\/2024\/11\/sqIMG_3618-1536x1536.jpg 1536w, https:\/\/maxetmilo.com\/wp-content\/uploads\/2024\/11\/sqIMG_3618-2048x2048.jpg 2048w, https:\/\/maxetmilo.com\/wp-content\/uploads\/2024\/11\/sqIMG_3618-12x12.jpg 12w, https:\/\/maxetmilo.com\/wp-content\/uploads\/2024\/11\/sqIMG_3618-1000x1000.jpg 1000w, https:\/\/maxetmilo.com\/wp-content\/uploads\/2024\/11\/sqIMG_3618-350x350.jpg 350w, https:\/\/maxetmilo.com\/wp-content\/uploads\/2024\/11\/sqIMG_3618-64x64.jpg 64w\" sizes=\"(max-width: 500px) 100vw, 500px\" \/><h2 class=\"woocommerce-loop-product__title\">Collier de chien 'Everyday'<\/h2>\n            <!-- Display minimum price for variable products -->\n        <span class=\"price\">\u00c0 partir de <span class=\"woocommerce-Price-amount amount\"><bdi><span class=\"woocommerce-Price-currencySymbol\">&#36;<\/span>14.00<\/bdi><\/span><\/span>\n\n                    <span class=\"price\">     \n\t\t\t\t-                 <del><span class=\"woocommerce-Price-amount amount\"><bdi><span class=\"woocommerce-Price-currencySymbol\">&#36;<\/span>28.99<\/bdi><\/span><\/del>\n\t\t\t<\/span>\n            <\/a><\/li>\n<li class=\"product type-product post-3569 status-publish instock product_cat-all product_cat-play has-post-thumbnail featured shipping-taxable purchasable product-type-variable has-default-attributes\">\n\t<a href=\"https:\/\/maxetmilo.com\/fr\/shop\/felt-dog-bone\/\" class=\"woocommerce-LoopProduct-link woocommerce-loop-product__link\"><img loading=\"lazy\" decoding=\"async\" width=\"500\" height=\"500\" src=\"https:\/\/maxetmilo.com\/wp-content\/uploads\/2024\/11\/feltdogbone-500x500.webp\" class=\"attachment-woocommerce_thumbnail size-woocommerce_thumbnail\" alt=\"Wool Dog Bone\" srcset=\"https:\/\/maxetmilo.com\/wp-content\/uploads\/2024\/11\/feltdogbone-500x500.webp 500w, https:\/\/maxetmilo.com\/wp-content\/uploads\/2024\/11\/feltdogbone-150x150.webp 150w, https:\/\/maxetmilo.com\/wp-content\/uploads\/2024\/11\/feltdogbone-1000x1000.webp 1000w, https:\/\/maxetmilo.com\/wp-content\/uploads\/2024\/11\/feltdogbone-350x350.webp 350w\" sizes=\"(max-width: 500px) 100vw, 500px\" \/><h2 class=\"woocommerce-loop-product__title\">Jouet os en laine<\/h2>\n            <!-- Display minimum price for variable products -->\n        <span class=\"price\">\u00c0 partir de <span class=\"woocommerce-Price-amount amount\"><bdi><span class=\"woocommerce-Price-currencySymbol\">&#36;<\/span>15.00<\/bdi><\/span><\/span>\n\n            <\/a><\/li>\n<li class=\"product type-product post-3417 status-publish last instock product_cat-all product_cat-walk has-post-thumbnail featured shipping-taxable purchasable product-type-variable has-default-attributes\">\n\t<a href=\"https:\/\/maxetmilo.com\/fr\/shop\/harness-walk-kit\/\" class=\"woocommerce-LoopProduct-link woocommerce-loop-product__link\"><img loading=\"lazy\" decoding=\"async\" width=\"500\" height=\"500\" src=\"https:\/\/maxetmilo.com\/wp-content\/uploads\/2024\/07\/set-500x500.jpg\" class=\"attachment-woocommerce_thumbnail size-woocommerce_thumbnail\" alt=\"Everyday Harness Walk Set\" srcset=\"https:\/\/maxetmilo.com\/wp-content\/uploads\/2024\/07\/set-500x500.jpg 500w, https:\/\/maxetmilo.com\/wp-content\/uploads\/2024\/07\/set-300x300.jpg 300w, https:\/\/maxetmilo.com\/wp-content\/uploads\/2024\/07\/set-1024x1024.jpg 1024w, https:\/\/maxetmilo.com\/wp-content\/uploads\/2024\/07\/set-150x150.jpg 150w, https:\/\/maxetmilo.com\/wp-content\/uploads\/2024\/07\/set-768x768.jpg 768w, https:\/\/maxetmilo.com\/wp-content\/uploads\/2024\/07\/set-12x12.jpg 12w, https:\/\/maxetmilo.com\/wp-content\/uploads\/2024\/07\/set-1000x1000.jpg 1000w, https:\/\/maxetmilo.com\/wp-content\/uploads\/2024\/07\/set-350x350.jpg 350w, https:\/\/maxetmilo.com\/wp-content\/uploads\/2024\/07\/set-64x64.jpg 64w, https:\/\/maxetmilo.com\/wp-content\/uploads\/2024\/07\/set.jpg 1080w\" sizes=\"(max-width: 500px) 100vw, 500px\" \/><h2 class=\"woocommerce-loop-product__title\">Ensemble 'Everyday' avec harnais<\/h2>\n            <!-- Display minimum price for variable products -->\n        <span class=\"price\">\u00c0 partir de <span class=\"woocommerce-Price-amount amount\"><bdi><span class=\"woocommerce-Price-currencySymbol\">&#36;<\/span>99.98<\/bdi><\/span><\/span>\n\n            <\/a><\/li>\n<\/ul>\n<\/div>\t\t\t\t<\/div>\n\t\t\t\t<\/div>\n\t\t\t\t<\/div>\n\t\t\t\t<\/div>\n\t\t\t\t<\/div>","protected":false},"excerpt":{"rendered":"<p>Your Dog Deserves the best Where Style Meets Function Treat your pup Outside of canada? International orders available through Etsy Due to recent changes in international trade regulations and tariffs, we\u2019ve made adjustments to ensure a smoother shopping experience for our valued global customers. shop on etsy More than just dogs They&#8217;re their own little [&hellip;]<\/p>\n","protected":false},"author":1,"featured_media":0,"parent":0,"menu_order":0,"comment_status":"closed","ping_status":"closed","template":"","meta":{"_acf_changed":false,"footnotes":""},"class_list":["post-4278","page","type-page","status-publish","hentry"],"acf":[],"jetpack_sharing_enabled":true,"publishpress_future_action":{"enabled":false,"date":"2026-04-24 08:40:47","action":"change-status","newStatus":"draft","terms":[],"taxonomy":"","extraData":[]},"publishpress_future_workflow_manual_trigger":{"enabledWorkflows":[]},"_links":{"self":[{"href":"https:\/\/maxetmilo.com\/fr\/wp-json\/wp\/v2\/pages\/4278","targetHints":{"allow":["GET"]}}],"collection":[{"href":"https:\/\/maxetmilo.com\/fr\/wp-json\/wp\/v2\/pages"}],"about":[{"href":"https:\/\/maxetmilo.com\/fr\/wp-json\/wp\/v2\/types\/page"}],"author":[{"embeddable":true,"href":"https:\/\/maxetmilo.com\/fr\/wp-json\/wp\/v2\/users\/1"}],"replies":[{"embeddable":true,"href":"https:\/\/maxetmilo.com\/fr\/wp-json\/wp\/v2\/comments?post=4278"}],"version-history":[{"count":37,"href":"https:\/\/maxetmilo.com\/fr\/wp-json\/wp\/v2\/pages\/4278\/revisions"}],"predecessor-version":[{"id":4399,"href":"https:\/\/maxetmilo.com\/fr\/wp-json\/wp\/v2\/pages\/4278\/revisions\/4399"}],"wp:attachment":[{"href":"https:\/\/maxetmilo.com\/fr\/wp-json\/wp\/v2\/media?parent=4278"}],"curies":[{"name":"wp","href":"https:\/\/api.w.org\/{rel}","templated":true}]}}