{"id":3,"date":"2024-02-06T17:07:06","date_gmt":"2024-02-06T17:07:06","guid":{"rendered":"http:\/\/maxemilo.local\/?page_id=3"},"modified":"2024-08-18T15:59:58","modified_gmt":"2024-08-18T19:59:58","slug":"privacy-policy","status":"publish","type":"page","link":"https:\/\/maxetmilo.com\/fr\/privacy-policy\/","title":{"rendered":"Politique de confidentialit\u00e9"},"content":{"rendered":"<div data-elementor-type=\"wp-page\" data-elementor-id=\"3\" class=\"elementor elementor-3\" data-elementor-post-type=\"page\">\n\t\t\t\t<div class=\"elementor-element elementor-element-64dbe2b5 e-con-full e-flex e-con e-parent\" data-id=\"64dbe2b5\" data-element_type=\"container\" data-e-type=\"container\">\n\t\t<div class=\"elementor-element elementor-element-4ee22d97 e-con-full elementor-hidden-mobile e-flex e-con e-child\" data-id=\"4ee22d97\" data-element_type=\"container\" data-e-type=\"container\">\n\t\t\t\t<\/div>\n\t\t<div class=\"elementor-element elementor-element-5899d9dc e-con-full e-flex e-con e-child\" data-id=\"5899d9dc\" data-element_type=\"container\" data-e-type=\"container\">\n\t\t<div class=\"elementor-element elementor-element-1cf6c943 e-con-full e-flex e-con e-child\" data-id=\"1cf6c943\" data-element_type=\"container\" data-e-type=\"container\">\n\t\t\t\t<div class=\"elementor-element elementor-element-5cdad081 elementor-widget elementor-widget-heading\" data-id=\"5cdad081\" data-element_type=\"widget\" data-e-type=\"widget\" data-widget_type=\"heading.default\">\n\t\t\t\t<div class=\"elementor-widget-container\">\n\t\t\t\t\t<h2 class=\"elementor-heading-title elementor-size-default\">Politique de confidentialit\u00e9<\/h2>\t\t\t\t<\/div>\n\t\t\t\t<\/div>\n\t\t\t\t<div class=\"elementor-element elementor-element-770aa376 elementor-widget elementor-widget-heading\" data-id=\"770aa376\" data-element_type=\"widget\" data-e-type=\"widget\" data-widget_type=\"heading.default\">\n\t\t\t\t<div class=\"elementor-widget-container\">\n\t\t\t\t\t<h2 class=\"elementor-heading-title elementor-size-default\">Nous nous engageons \u00e0 prot\u00e9ger votre vie priv\u00e9e et vos informations personnelles.<\/h2>\t\t\t\t<\/div>\n\t\t\t\t<\/div>\n\t\t\t\t<\/div>\n\t\t<div class=\"elementor-element elementor-element-4ce5ecc1 e-con-full e-flex e-con e-child\" data-id=\"4ce5ecc1\" data-element_type=\"container\" data-e-type=\"container\">\n\t\t\t\t<div class=\"elementor-element elementor-element-41739f6e elementor-widget elementor-widget-heading\" data-id=\"41739f6e\" data-element_type=\"widget\" data-e-type=\"widget\" data-widget_type=\"heading.default\">\n\t\t\t\t<div class=\"elementor-widget-container\">\n\t\t\t\t\t<h2 class=\"elementor-heading-title elementor-size-default\">Quelles informations collectons-nous?<\/h2>\t\t\t\t<\/div>\n\t\t\t\t<\/div>\n\t\t\t\t<div class=\"elementor-element elementor-element-4c748bbc elementor-widget elementor-widget-heading\" data-id=\"4c748bbc\" data-element_type=\"widget\" data-e-type=\"widget\" data-widget_type=\"heading.default\">\n\t\t\t\t<div class=\"elementor-widget-container\">\n\t\t\t\t\t<h2 class=\"elementor-heading-title elementor-size-default\">Lorsque vous visitez notre site web, nous pouvons collecter automatiquement certaines informations, telles que votre adresse IP, le type de navigateur et le syst\u00e8me d'exploitation. Nous collectons \u00e9galement des informations lorsque vous nous les fournissez volontairement, par exemple lorsque vous vous inscrivez \u00e0 notre newsletter ou effectuez un achat.<\/h2>\t\t\t\t<\/div>\n\t\t\t\t<\/div>\n\t\t\t\t<\/div>\n\t\t<div class=\"elementor-element elementor-element-6dd00495 e-con-full e-flex e-con e-child\" data-id=\"6dd00495\" data-element_type=\"container\" data-e-type=\"container\">\n\t\t\t\t<div class=\"elementor-element elementor-element-6a5c4d1a elementor-widget elementor-widget-heading\" data-id=\"6a5c4d1a\" data-element_type=\"widget\" data-e-type=\"widget\" data-widget_type=\"heading.default\">\n\t\t\t\t<div class=\"elementor-widget-container\">\n\t\t\t\t\t<h2 class=\"elementor-heading-title elementor-size-default\">Comment utilisons-nous vos informations?<\/h2>\t\t\t\t<\/div>\n\t\t\t\t<\/div>\n\t\t\t\t<div class=\"elementor-element elementor-element-7d0b3256 elementor-widget elementor-widget-heading\" data-id=\"7d0b3256\" data-element_type=\"widget\" data-e-type=\"widget\" data-widget_type=\"heading.default\">\n\t\t\t\t<div class=\"elementor-widget-container\">\n\t\t\t\t\t<h2 class=\"elementor-heading-title elementor-size-default\">Nous pouvons utiliser vos informations pour personnaliser votre exp\u00e9rience, am\u00e9liorer notre site web et vous fournir les produits et services que vous demandez. Nous pouvons \u00e9galement les utiliser pour communiquer avec vous, vous envoyer des mises \u00e0 jour ou r\u00e9pondre \u00e0 vos demandes.<\/h2>\t\t\t\t<\/div>\n\t\t\t\t<\/div>\n\t\t\t\t<\/div>\n\t\t<div class=\"elementor-element elementor-element-1ad97bd3 e-con-full e-flex e-con e-child\" data-id=\"1ad97bd3\" data-element_type=\"container\" data-e-type=\"container\">\n\t\t\t\t<div class=\"elementor-element elementor-element-69170da4 elementor-widget elementor-widget-heading\" data-id=\"69170da4\" data-element_type=\"widget\" data-e-type=\"widget\" data-widget_type=\"heading.default\">\n\t\t\t\t<div class=\"elementor-widget-container\">\n\t\t\t\t\t<h2 class=\"elementor-heading-title elementor-size-default\">Comment prot\u00e9geons-nous vos informations?<\/h2>\t\t\t\t<\/div>\n\t\t\t\t<\/div>\n\t\t\t\t<div class=\"elementor-element elementor-element-394545c9 elementor-widget elementor-widget-heading\" data-id=\"394545c9\" data-element_type=\"widget\" data-e-type=\"widget\" data-widget_type=\"heading.default\">\n\t\t\t\t<div class=\"elementor-widget-container\">\n\t\t\t\t\t<h2 class=\"elementor-heading-title elementor-size-default\">Nous prenons tr\u00e8s au s\u00e9rieux la s\u00e9curit\u00e9 de vos informations personnelles. Nous mettons en place une vari\u00e9t\u00e9 de mesures de s\u00e9curit\u00e9 pour garantir la protection de vos donn\u00e9es lorsque vous saisissez, soumettez ou acc\u00e9dez \u00e0 vos informations.<\/h2>\t\t\t\t<\/div>\n\t\t\t\t<\/div>\n\t\t\t\t<\/div>\n\t\t<div class=\"elementor-element elementor-element-3d9b7fb0 e-con-full e-flex e-con e-child\" data-id=\"3d9b7fb0\" data-element_type=\"container\" data-e-type=\"container\">\n\t\t\t\t<div class=\"elementor-element elementor-element-5f2322b4 elementor-widget elementor-widget-heading\" data-id=\"5f2322b4\" data-element_type=\"widget\" data-e-type=\"widget\" data-widget_type=\"heading.default\">\n\t\t\t\t<div class=\"elementor-widget-container\">\n\t\t\t\t\t<h2 class=\"elementor-heading-title elementor-size-default\">Divulguons-nous vos informations \u00e0 des tiers?<\/h2>\t\t\t\t<\/div>\n\t\t\t\t<\/div>\n\t\t\t\t<div class=\"elementor-element elementor-element-604b7303 elementor-widget elementor-widget-heading\" data-id=\"604b7303\" data-element_type=\"widget\" data-e-type=\"widget\" data-widget_type=\"heading.default\">\n\t\t\t\t<div class=\"elementor-widget-container\">\n\t\t\t\t\t<h2 class=\"elementor-heading-title elementor-size-default\">Nous ne vendons, \u00e9changeons ni ne transf\u00e9rons autrement vos informations personnellement identifiables \u00e0 des tiers ext\u00e9rieurs. Cela ne concerne pas les tiers de confiance qui nous aident \u00e0 faire fonctionner notre site web, \u00e0 g\u00e9rer nos activit\u00e9s ou \u00e0 vous servir, tant que ces parties acceptent de garder ces informations confidentielles.<\/h2>\t\t\t\t<\/div>\n\t\t\t\t<\/div>\n\t\t\t\t<\/div>\n\t\t<div class=\"elementor-element elementor-element-40048c12 e-con-full e-flex e-con e-child\" data-id=\"40048c12\" data-element_type=\"container\" data-e-type=\"container\">\n\t\t\t\t<div class=\"elementor-element elementor-element-170f6868 elementor-widget elementor-widget-heading\" data-id=\"170f6868\" data-element_type=\"widget\" data-e-type=\"widget\" data-widget_type=\"heading.default\">\n\t\t\t\t<div class=\"elementor-widget-container\">\n\t\t\t\t\t<h2 class=\"elementor-heading-title elementor-size-default\">En utilisant notre site web, vous consentez \u00e0 notre politique de confidentialit\u00e9.<\/h2>\t\t\t\t<\/div>\n\t\t\t\t<\/div>\n\t\t\t\t<div class=\"elementor-element elementor-element-470fdbc3 elementor-widget elementor-widget-heading\" data-id=\"470fdbc3\" data-element_type=\"widget\" data-e-type=\"widget\" data-widget_type=\"heading.default\">\n\t\t\t\t<div class=\"elementor-widget-container\">\n\t\t\t\t\t<h2 class=\"elementor-heading-title elementor-size-default\">Veuillez noter que les modifications concernant notre politique de confidentialit\u00e9 seront mises \u00e0 jour ici.<\/h2>\t\t\t\t<\/div>\n\t\t\t\t<\/div>\n\t\t\t\t<\/div>\n\t\t<div class=\"elementor-element elementor-element-e68116e e-con-full e-flex e-con e-child\" data-id=\"e68116e\" data-element_type=\"container\" data-e-type=\"container\">\n\t\t\t\t<div class=\"elementor-element elementor-element-484583d2 elementor-widget elementor-widget-heading\" data-id=\"484583d2\" data-element_type=\"widget\" data-e-type=\"widget\" data-widget_type=\"heading.default\">\n\t\t\t\t<div class=\"elementor-widget-container\">\n\t\t\t\t\t<h2 class=\"elementor-heading-title elementor-size-default\">Contactez-nous<\/h2>\t\t\t\t<\/div>\n\t\t\t\t<\/div>\n\t\t\t\t<div class=\"elementor-element elementor-element-77c6e346 elementor-widget elementor-widget-text-editor\" data-id=\"77c6e346\" data-element_type=\"widget\" data-e-type=\"widget\" data-widget_type=\"text-editor.default\">\n\t\t\t\t<div class=\"elementor-widget-container\">\n\t\t\t\t\t\t\t\t\t<p>Si vous avez des questions concernant cette politique, contactez-nous \u00e0 l'adresse suivante, <a href=\"mailto:contact@maxetmilo.com\">contact@maxetmilo.com<\/a><\/p>\t\t\t\t\t\t\t\t<\/div>\n\t\t\t\t<\/div>\n\t\t\t\t<\/div>\n\t\t\t\t<\/div>\n\t\t\t\t<\/div>\n\t\t\t\t<\/div>","protected":false},"excerpt":{"rendered":"<p>Privacy Policy We&#8217;re committed to protecting your privacy and safeguarding your personal information What Information Do We Collect? When you visit our website, we may collect certain information automatically, such as your IP address, browser type, and operating system. We also collect information when you voluntarily provide it to us, such as when you sign [&hellip;]<\/p>\n","protected":false},"author":1,"featured_media":0,"parent":0,"menu_order":0,"comment_status":"closed","ping_status":"open","template":"","meta":{"_acf_changed":false,"footnotes":""},"class_list":["post-3","page","type-page","status-publish","hentry"],"acf":[],"jetpack_sharing_enabled":true,"publishpress_future_action":{"enabled":false,"date":"2026-04-24 11:01:01","action":"change-status","newStatus":"draft","terms":[],"taxonomy":"","extraData":[]},"publishpress_future_workflow_manual_trigger":{"enabledWorkflows":[]},"_links":{"self":[{"href":"https:\/\/maxetmilo.com\/fr\/wp-json\/wp\/v2\/pages\/3","targetHints":{"allow":["GET"]}}],"collection":[{"href":"https:\/\/maxetmilo.com\/fr\/wp-json\/wp\/v2\/pages"}],"about":[{"href":"https:\/\/maxetmilo.com\/fr\/wp-json\/wp\/v2\/types\/page"}],"author":[{"embeddable":true,"href":"https:\/\/maxetmilo.com\/fr\/wp-json\/wp\/v2\/users\/1"}],"replies":[{"embeddable":true,"href":"https:\/\/maxetmilo.com\/fr\/wp-json\/wp\/v2\/comments?post=3"}],"version-history":[{"count":15,"href":"https:\/\/maxetmilo.com\/fr\/wp-json\/wp\/v2\/pages\/3\/revisions"}],"predecessor-version":[{"id":1472,"href":"https:\/\/maxetmilo.com\/fr\/wp-json\/wp\/v2\/pages\/3\/revisions\/1472"}],"wp:attachment":[{"href":"https:\/\/maxetmilo.com\/fr\/wp-json\/wp\/v2\/media?parent=3"}],"curies":[{"name":"wp","href":"https:\/\/api.w.org\/{rel}","templated":true}]}}