{"id":1495,"date":"2024-07-03T18:03:38","date_gmt":"2024-07-03T18:03:38","guid":{"rendered":"http:\/\/maxemilo.local\/?page_id=1495"},"modified":"2024-08-18T15:59:58","modified_gmt":"2024-08-18T19:59:58","slug":"sizing","status":"publish","type":"page","link":"https:\/\/maxetmilo.com\/fr\/sizing\/","title":{"rendered":"Sizing"},"content":{"rendered":"<div data-elementor-type=\"wp-page\" data-elementor-id=\"1495\" class=\"elementor elementor-1495\" data-elementor-post-type=\"page\">\n\t\t\t\t<div class=\"elementor-element elementor-element-209271bc e-con-full e-flex e-con e-parent\" data-id=\"209271bc\" data-element_type=\"container\" data-e-type=\"container\">\n\t\t<div class=\"elementor-element elementor-element-3a7e63de e-con-full elementor-hidden-mobile e-flex e-con e-child\" data-id=\"3a7e63de\" data-element_type=\"container\" data-e-type=\"container\">\n\t\t\t\t<\/div>\n\t\t<div class=\"elementor-element elementor-element-4c0e9593 e-con-full e-flex e-con e-child\" data-id=\"4c0e9593\" data-element_type=\"container\" data-e-type=\"container\">\n\t\t<div class=\"elementor-element elementor-element-12ac9348 e-con-full e-flex e-con e-child\" data-id=\"12ac9348\" data-element_type=\"container\" data-e-type=\"container\">\n\t\t\t\t<div class=\"elementor-element elementor-element-52a52db5 elementor-widget elementor-widget-heading\" data-id=\"52a52db5\" data-element_type=\"widget\" data-e-type=\"widget\" data-widget_type=\"heading.default\">\n\t\t\t\t<div class=\"elementor-widget-container\">\n\t\t\t\t\t<h2 class=\"elementor-heading-title elementor-size-default\">Tailles &amp; Mesures<\/h2>\t\t\t\t<\/div>\n\t\t\t\t<\/div>\n\t\t\t\t<\/div>\n\t\t<div class=\"elementor-element elementor-element-a1ecc99 e-con-full e-flex e-con e-child\" data-id=\"a1ecc99\" data-element_type=\"container\" data-e-type=\"container\">\n\t\t\t\t<div class=\"elementor-element elementor-element-6ba0fb9e elementor-widget elementor-widget-heading\" data-id=\"6ba0fb9e\" data-element_type=\"widget\" data-e-type=\"widget\" data-widget_type=\"heading.default\">\n\t\t\t\t<div class=\"elementor-widget-container\">\n\t\t\t\t\t<h2 class=\"elementor-heading-title elementor-size-default\">Notre<\/h2>\t\t\t\t<\/div>\n\t\t\t\t<\/div>\n\t\t\t\t<div class=\"elementor-element elementor-element-01fd5b8 elementor-widget elementor-widget-heading\" data-id=\"01fd5b8\" data-element_type=\"widget\" data-e-type=\"widget\" data-widget_type=\"heading.default\">\n\t\t\t\t<div class=\"elementor-widget-container\">\n\t\t\t\t\t<h2 class=\"elementor-heading-title elementor-size-default\">Harnais<\/h2>\t\t\t\t<\/div>\n\t\t\t\t<\/div>\n\t\t\t\t<div class=\"elementor-element elementor-element-30f4328 elementor-widget elementor-widget-image\" data-id=\"30f4328\" data-element_type=\"widget\" data-e-type=\"widget\" data-widget_type=\"image.default\">\n\t\t\t\t<div class=\"elementor-widget-container\">\n\t\t\t\t\t\t\t\t\t\t\t\t\t\t\t<img fetchpriority=\"high\" decoding=\"async\" width=\"1200\" height=\"1200\" src=\"https:\/\/maxetmilo.com\/wp-content\/uploads\/2024\/07\/ChestNeck-Illustration-WEB.png\" class=\"attachment-full size-full wp-image-1503\" alt=\"\" srcset=\"https:\/\/maxetmilo.com\/wp-content\/uploads\/2024\/07\/ChestNeck-Illustration-WEB.png 1200w, https:\/\/maxetmilo.com\/wp-content\/uploads\/2024\/07\/ChestNeck-Illustration-WEB-500x500.png 500w, https:\/\/maxetmilo.com\/wp-content\/uploads\/2024\/07\/ChestNeck-Illustration-WEB-350x350.png 350w, https:\/\/maxetmilo.com\/wp-content\/uploads\/2024\/07\/ChestNeck-Illustration-WEB-1000x1000.png 1000w, https:\/\/maxetmilo.com\/wp-content\/uploads\/2024\/07\/ChestNeck-Illustration-WEB-64x64.png 64w, https:\/\/maxetmilo.com\/wp-content\/uploads\/2024\/07\/ChestNeck-Illustration-WEB-300x300.png 300w, https:\/\/maxetmilo.com\/wp-content\/uploads\/2024\/07\/ChestNeck-Illustration-WEB-1024x1024.png 1024w, https:\/\/maxetmilo.com\/wp-content\/uploads\/2024\/07\/ChestNeck-Illustration-WEB-150x150.png 150w, https:\/\/maxetmilo.com\/wp-content\/uploads\/2024\/07\/ChestNeck-Illustration-WEB-768x768.png 768w\" sizes=\"(max-width: 1200px) 100vw, 1200px\" \/>\t\t\t\t\t\t\t\t\t\t\t\t\t\t\t<\/div>\n\t\t\t\t<\/div>\n\t\t\t\t<div class=\"elementor-element elementor-element-5c92a03 elementor-widget elementor-widget-image\" data-id=\"5c92a03\" data-element_type=\"widget\" data-e-type=\"widget\" data-widget_type=\"image.default\">\n\t\t\t\t<div class=\"elementor-widget-container\">\n\t\t\t\t\t\t\t\t\t\t\t\t\t\t\t<img decoding=\"async\" width=\"1200\" height=\"1200\" src=\"https:\/\/maxetmilo.com\/wp-content\/uploads\/2024\/07\/Vegan-Harness-Sizing-WEB.png\" class=\"attachment-full size-full wp-image-1501\" alt=\"\" srcset=\"https:\/\/maxetmilo.com\/wp-content\/uploads\/2024\/07\/Vegan-Harness-Sizing-WEB.png 1200w, https:\/\/maxetmilo.com\/wp-content\/uploads\/2024\/07\/Vegan-Harness-Sizing-WEB-500x500.png 500w, https:\/\/maxetmilo.com\/wp-content\/uploads\/2024\/07\/Vegan-Harness-Sizing-WEB-350x350.png 350w, https:\/\/maxetmilo.com\/wp-content\/uploads\/2024\/07\/Vegan-Harness-Sizing-WEB-1000x1000.png 1000w, https:\/\/maxetmilo.com\/wp-content\/uploads\/2024\/07\/Vegan-Harness-Sizing-WEB-64x64.png 64w, https:\/\/maxetmilo.com\/wp-content\/uploads\/2024\/07\/Vegan-Harness-Sizing-WEB-300x300.png 300w, https:\/\/maxetmilo.com\/wp-content\/uploads\/2024\/07\/Vegan-Harness-Sizing-WEB-1024x1024.png 1024w, https:\/\/maxetmilo.com\/wp-content\/uploads\/2024\/07\/Vegan-Harness-Sizing-WEB-150x150.png 150w, https:\/\/maxetmilo.com\/wp-content\/uploads\/2024\/07\/Vegan-Harness-Sizing-WEB-768x768.png 768w\" sizes=\"(max-width: 1200px) 100vw, 1200px\" \/>\t\t\t\t\t\t\t\t\t\t\t\t\t\t\t<\/div>\n\t\t\t\t<\/div>\n\t\t<div class=\"elementor-element elementor-element-72f1fd8 e-con-full e-flex e-con e-child\" data-id=\"72f1fd8\" data-element_type=\"container\" data-e-type=\"container\">\n\t\t\t\t<div class=\"elementor-element elementor-element-aa977d9 elementor-widget elementor-widget-heading\" data-id=\"aa977d9\" data-element_type=\"widget\" data-e-type=\"widget\" data-widget_type=\"heading.default\">\n\t\t\t\t<div class=\"elementor-widget-container\">\n\t\t\t\t\t<h2 class=\"elementor-heading-title elementor-size-default\">Comment prendre les mesures?<\/h2>\t\t\t\t<\/div>\n\t\t\t\t<\/div>\n\t\t\t\t<div class=\"elementor-element elementor-element-30b146c elementor-widget elementor-widget-heading\" data-id=\"30b146c\" data-element_type=\"widget\" data-e-type=\"widget\" data-widget_type=\"heading.default\">\n\t\t\t\t<div class=\"elementor-widget-container\">\n\t\t\t\t\t<h2 class=\"elementor-heading-title elementor-size-default\">Pour garantir le meilleur ajustement, mesurez le cou et la poitrine de votre chiot \u00e0 l'aide d'un ruban \u00e0 mesurer souple. Enroulez le ruban autour de la base du cou, l\u00e0 o\u00f9 il est le plus large, et mesurez de la m\u00eame mani\u00e8re autour de la poitrine \u00e0 son point le plus large, derri\u00e8re les pattes avant. Cela vous aidera \u00e0 trouver la taille la plus confortable pour votre chiot dans notre collection de cuir v\u00e9gane.<\/h2>\t\t\t\t<\/div>\n\t\t\t\t<\/div>\n\t\t\t\t<\/div>\n\t\t\t\t<\/div>\n\t\t<div class=\"elementor-element elementor-element-7afbde85 e-con-full e-flex e-con e-child\" data-id=\"7afbde85\" data-element_type=\"container\" data-e-type=\"container\">\n\t\t\t\t<div class=\"elementor-element elementor-element-194160b9 elementor-widget elementor-widget-heading\" data-id=\"194160b9\" data-element_type=\"widget\" data-e-type=\"widget\" data-widget_type=\"heading.default\">\n\t\t\t\t<div class=\"elementor-widget-container\">\n\t\t\t\t\t<h2 class=\"elementor-heading-title elementor-size-default\">Notre<\/h2>\t\t\t\t<\/div>\n\t\t\t\t<\/div>\n\t\t\t\t<div class=\"elementor-element elementor-element-432e8b5 elementor-widget elementor-widget-heading\" data-id=\"432e8b5\" data-element_type=\"widget\" data-e-type=\"widget\" data-widget_type=\"heading.default\">\n\t\t\t\t<div class=\"elementor-widget-container\">\n\t\t\t\t\t<h2 class=\"elementor-heading-title elementor-size-default\">Colliers<\/h2>\t\t\t\t<\/div>\n\t\t\t\t<\/div>\n\t\t\t\t<div class=\"elementor-element elementor-element-a1d3725 elementor-widget elementor-widget-image\" data-id=\"a1d3725\" data-element_type=\"widget\" data-e-type=\"widget\" data-widget_type=\"image.default\">\n\t\t\t\t<div class=\"elementor-widget-container\">\n\t\t\t\t\t\t\t\t\t\t\t\t\t\t\t<img decoding=\"async\" width=\"1200\" height=\"1200\" src=\"https:\/\/maxetmilo.com\/wp-content\/uploads\/2024\/07\/Vegan-Collars-Sizing-WEB.png\" class=\"attachment-full size-full wp-image-1500\" alt=\"\" srcset=\"https:\/\/maxetmilo.com\/wp-content\/uploads\/2024\/07\/Vegan-Collars-Sizing-WEB.png 1200w, https:\/\/maxetmilo.com\/wp-content\/uploads\/2024\/07\/Vegan-Collars-Sizing-WEB-500x500.png 500w, https:\/\/maxetmilo.com\/wp-content\/uploads\/2024\/07\/Vegan-Collars-Sizing-WEB-350x350.png 350w, https:\/\/maxetmilo.com\/wp-content\/uploads\/2024\/07\/Vegan-Collars-Sizing-WEB-1000x1000.png 1000w, https:\/\/maxetmilo.com\/wp-content\/uploads\/2024\/07\/Vegan-Collars-Sizing-WEB-64x64.png 64w, https:\/\/maxetmilo.com\/wp-content\/uploads\/2024\/07\/Vegan-Collars-Sizing-WEB-300x300.png 300w, https:\/\/maxetmilo.com\/wp-content\/uploads\/2024\/07\/Vegan-Collars-Sizing-WEB-1024x1024.png 1024w, https:\/\/maxetmilo.com\/wp-content\/uploads\/2024\/07\/Vegan-Collars-Sizing-WEB-150x150.png 150w, https:\/\/maxetmilo.com\/wp-content\/uploads\/2024\/07\/Vegan-Collars-Sizing-WEB-768x768.png 768w\" sizes=\"(max-width: 1200px) 100vw, 1200px\" \/>\t\t\t\t\t\t\t\t\t\t\t\t\t\t\t<\/div>\n\t\t\t\t<\/div>\n\t\t\t\t<\/div>\n\t\t<div class=\"elementor-element elementor-element-69a7df9a e-con-full e-flex e-con e-child\" data-id=\"69a7df9a\" data-element_type=\"container\" data-e-type=\"container\">\n\t\t\t\t<div class=\"elementor-element elementor-element-229cf8be elementor-widget elementor-widget-heading\" data-id=\"229cf8be\" data-element_type=\"widget\" data-e-type=\"widget\" data-widget_type=\"heading.default\">\n\t\t\t\t<div class=\"elementor-widget-container\">\n\t\t\t\t\t<h2 class=\"elementor-heading-title elementor-size-default\">Assurez vous de mesurer le cou et la poitrine de votre chien le mieux possible. Notre collection en cuir v\u00e9gane ne s'\u00e9tire pas beaucoup, donc si les mesures de votre chien se situent entre deux tailles, nous recommandons de choisir la taille au-dessus pour un meilleur ajustement.<\/h2>\t\t\t\t<\/div>\n\t\t\t\t<\/div>\n\t\t\t\t<\/div>\n\t\t\t\t<\/div>\n\t\t\t\t<\/div>\n\t\t\t\t<\/div>","protected":false},"excerpt":{"rendered":"<p>Sizing and Measurments Our Harnesses How-to measure To ensure the best fit, measure your pup&#8217;s neck and chest using a soft measuring tape. Wrap the tape around the base of the neck where it&#8217;s widest, and similarly, measure around the chest at its broadest point behind the front legs. This will help you find the [&hellip;]<\/p>\n","protected":false},"author":1,"featured_media":0,"parent":0,"menu_order":0,"comment_status":"closed","ping_status":"closed","template":"","meta":{"_acf_changed":false,"footnotes":""},"class_list":["post-1495","page","type-page","status-publish","hentry"],"acf":[],"jetpack_sharing_enabled":true,"publishpress_future_action":{"enabled":false,"date":"2026-04-24 09:45:20","action":"change-status","newStatus":"draft","terms":[],"taxonomy":"","extraData":[]},"publishpress_future_workflow_manual_trigger":{"enabledWorkflows":[]},"_links":{"self":[{"href":"https:\/\/maxetmilo.com\/fr\/wp-json\/wp\/v2\/pages\/1495","targetHints":{"allow":["GET"]}}],"collection":[{"href":"https:\/\/maxetmilo.com\/fr\/wp-json\/wp\/v2\/pages"}],"about":[{"href":"https:\/\/maxetmilo.com\/fr\/wp-json\/wp\/v2\/types\/page"}],"author":[{"embeddable":true,"href":"https:\/\/maxetmilo.com\/fr\/wp-json\/wp\/v2\/users\/1"}],"replies":[{"embeddable":true,"href":"https:\/\/maxetmilo.com\/fr\/wp-json\/wp\/v2\/comments?post=1495"}],"version-history":[{"count":10,"href":"https:\/\/maxetmilo.com\/fr\/wp-json\/wp\/v2\/pages\/1495\/revisions"}],"predecessor-version":[{"id":1509,"href":"https:\/\/maxetmilo.com\/fr\/wp-json\/wp\/v2\/pages\/1495\/revisions\/1509"}],"wp:attachment":[{"href":"https:\/\/maxetmilo.com\/fr\/wp-json\/wp\/v2\/media?parent=1495"}],"curies":[{"name":"wp","href":"https:\/\/api.w.org\/{rel}","templated":true}]}}