{"id":1464,"date":"2024-07-02T15:59:21","date_gmt":"2024-07-02T15:59:21","guid":{"rendered":"http:\/\/maxemilo.local\/?page_id=1464"},"modified":"2024-08-18T15:59:59","modified_gmt":"2024-08-18T19:59:59","slug":"terms","status":"publish","type":"page","link":"https:\/\/maxetmilo.com\/fr\/terms\/","title":{"rendered":"Terms and Conditions"},"content":{"rendered":"<div data-elementor-type=\"wp-page\" data-elementor-id=\"1464\" class=\"elementor elementor-1464\" data-elementor-post-type=\"page\">\n\t\t\t\t<div class=\"elementor-element elementor-element-25e7951f e-con-full e-flex e-con e-parent\" data-id=\"25e7951f\" data-element_type=\"container\" data-e-type=\"container\">\n\t\t<div class=\"elementor-element elementor-element-27be6ff7 e-con-full elementor-hidden-mobile e-flex e-con e-child\" data-id=\"27be6ff7\" data-element_type=\"container\" data-e-type=\"container\">\n\t\t\t\t<\/div>\n\t\t<div class=\"elementor-element elementor-element-36b28d66 e-con-full e-flex e-con e-child\" data-id=\"36b28d66\" data-element_type=\"container\" data-e-type=\"container\">\n\t\t<div class=\"elementor-element elementor-element-199d733 e-con-full e-flex e-con e-child\" data-id=\"199d733\" data-element_type=\"container\" data-e-type=\"container\">\n\t\t\t\t<div class=\"elementor-element elementor-element-d683864 elementor-widget elementor-widget-heading\" data-id=\"d683864\" data-element_type=\"widget\" data-e-type=\"widget\" data-widget_type=\"heading.default\">\n\t\t\t\t<div class=\"elementor-widget-container\">\n\t\t\t\t\t<h2 class=\"elementor-heading-title elementor-size-default\">Conditions g\u00e9n\u00e9rales<\/h2>\t\t\t\t<\/div>\n\t\t\t\t<\/div>\n\t\t\t\t<div class=\"elementor-element elementor-element-52a7e67b elementor-widget elementor-widget-heading\" data-id=\"52a7e67b\" data-element_type=\"widget\" data-e-type=\"widget\" data-widget_type=\"heading.default\">\n\t\t\t\t<div class=\"elementor-widget-container\">\n\t\t\t\t\t<h2 class=\"elementor-heading-title elementor-size-default\">En acc\u00e9dant \u00e0 ce site web, nous supposons que vous acceptez ces conditions g\u00e9n\u00e9rales dans leur int\u00e9gralit\u00e9. Ne continuez pas \u00e0 utiliser ce site web si vous n'acceptez pas les conditions g\u00e9n\u00e9rales.<\/h2>\t\t\t\t<\/div>\n\t\t\t\t<\/div>\n\t\t\t\t<\/div>\n\t\t<div class=\"elementor-element elementor-element-17909e54 e-con-full e-flex e-con e-child\" data-id=\"17909e54\" data-element_type=\"container\" data-e-type=\"container\">\n\t\t\t\t<div class=\"elementor-element elementor-element-5dd5c615 elementor-widget elementor-widget-heading\" data-id=\"5dd5c615\" data-element_type=\"widget\" data-e-type=\"widget\" data-widget_type=\"heading.default\">\n\t\t\t\t<div class=\"elementor-widget-container\">\n\t\t\t\t\t<h2 class=\"elementor-heading-title elementor-size-default\">1. D\u00e9finitions<\/h2>\t\t\t\t<\/div>\n\t\t\t\t<\/div>\n\t\t\t\t<div class=\"elementor-element elementor-element-2bc9600b elementor-widget elementor-widget-heading\" data-id=\"2bc9600b\" data-element_type=\"widget\" data-e-type=\"widget\" data-widget_type=\"heading.default\">\n\t\t\t\t<div class=\"elementor-widget-container\">\n\t\t\t\t\t<h2 class=\"elementor-heading-title elementor-size-default\"><p>1.1. \u00ab Site web \u00bb d\u00e9signe \u00ab www.maxetmilo.com \u00bb ainsi que tous ses sous-domaines.<\/p><p>1.2. \u00ab Utilisateur \u00bb, \u00ab Vous \u00bb et \u00ab Votre \u00bb se r\u00e9f\u00e8rent \u00e0 vous, la personne acc\u00e9dant \u00e0 ce site web et acceptant les conditions g\u00e9n\u00e9rales de la soci\u00e9t\u00e9.<\/p><p>1.3. \u00ab Soci\u00e9t\u00e9 \u00bb, \u00ab Nous \u00bb, \u00ab Notre \u00bb et \u00ab Nous \u00bb se r\u00e9f\u00e8rent \u00e0 Max &amp; Milo (LKE).<span style=\"color: var( --e-global-color-1429d85 );font-family: var( --e-global-typography-text-font-family ), Sans-serif;font-size: var( --e-global-typography-text-font-size );font-weight: var( --e-global-typography-text-font-weight );text-transform: var( --e-global-typography-text-text-transform )\"><\/span><\/p><\/h2>\t\t\t\t<\/div>\n\t\t\t\t<\/div>\n\t\t\t\t<\/div>\n\t\t<div class=\"elementor-element elementor-element-3a5e1d49 e-con-full e-flex e-con e-child\" data-id=\"3a5e1d49\" data-element_type=\"container\" data-e-type=\"container\">\n\t\t\t\t<div class=\"elementor-element elementor-element-27933e03 elementor-widget elementor-widget-heading\" data-id=\"27933e03\" data-element_type=\"widget\" data-e-type=\"widget\" data-widget_type=\"heading.default\">\n\t\t\t\t<div class=\"elementor-widget-container\">\n\t\t\t\t\t<h2 class=\"elementor-heading-title elementor-size-default\">2. Utilisation du site web<\/h2>\t\t\t\t<\/div>\n\t\t\t\t<\/div>\n\t\t\t\t<div class=\"elementor-element elementor-element-23fe5325 elementor-widget elementor-widget-heading\" data-id=\"23fe5325\" data-element_type=\"widget\" data-e-type=\"widget\" data-widget_type=\"heading.default\">\n\t\t\t\t<div class=\"elementor-widget-container\">\n\t\t\t\t\t<h2 class=\"elementor-heading-title elementor-size-default\"><p>2.1. En acc\u00e9dant \u00e0 ce site web, vous acceptez de vous conformer \u00e0 ces conditions g\u00e9n\u00e9rales, ainsi qu'\u00e0 toutes les lois et r\u00e9glementations applicables.<\/p><p>2.2. Vous ne pouvez pas utiliser nos produits \u00e0 des fins ill\u00e9gales ou non autoris\u00e9es, et vous ne devez pas, dans l'utilisation du Service, enfreindre les lois en vigueur dans votre juridiction (y compris mais sans s'y limiter, les lois sur les droits d'auteur).<span style=\"color: var( --e-global-color-1429d85 );font-family: var( --e-global-typography-text-font-family ), Sans-serif;font-size: var( --e-global-typography-text-font-size );font-weight: var( --e-global-typography-text-font-weight );text-transform: var( --e-global-typography-text-text-transform )\"><\/span><\/p><\/h2>\t\t\t\t<\/div>\n\t\t\t\t<\/div>\n\t\t\t\t<\/div>\n\t\t<div class=\"elementor-element elementor-element-2823587d e-con-full e-flex e-con e-child\" data-id=\"2823587d\" data-element_type=\"container\" data-e-type=\"container\">\n\t\t\t\t<div class=\"elementor-element elementor-element-30eb70c4 elementor-widget elementor-widget-heading\" data-id=\"30eb70c4\" data-element_type=\"widget\" data-e-type=\"widget\" data-widget_type=\"heading.default\">\n\t\t\t\t<div class=\"elementor-widget-container\">\n\t\t\t\t\t<h2 class=\"elementor-heading-title elementor-size-default\">3. Produits et services<\/h2>\t\t\t\t<\/div>\n\t\t\t\t<\/div>\n\t\t\t\t<div class=\"elementor-element elementor-element-6501cb9f elementor-widget elementor-widget-heading\" data-id=\"6501cb9f\" data-element_type=\"widget\" data-e-type=\"widget\" data-widget_type=\"heading.default\">\n\t\t\t\t<div class=\"elementor-widget-container\">\n\t\t\t\t\t<h2 class=\"elementor-heading-title elementor-size-default\"><p>3.1. Tous les produits ou services disponibles sur notre site web sont soumis \u00e0 acceptation et \u00e0 disponibilit\u00e9.<\/p><p>3.2. Les prix de nos produits sont susceptibles de changer sans pr\u00e9avis.<\/p><p>3.3. Nous nous r\u00e9servons le droit, \u00e0 tout moment, de modifier ou de suspendre le Service (ou toute partie ou contenu de celui-ci) sans pr\u00e9avis.<span style=\"color: var( --e-global-color-1429d85 );font-family: var( --e-global-typography-text-font-family ), Sans-serif;font-size: var( --e-global-typography-text-font-size );font-weight: var( --e-global-typography-text-font-weight );text-transform: var( --e-global-typography-text-text-transform )\"><\/span><\/p><\/h2>\t\t\t\t<\/div>\n\t\t\t\t<\/div>\n\t\t\t\t<\/div>\n\t\t<div class=\"elementor-element elementor-element-4745b2c e-con-full e-flex e-con e-child\" data-id=\"4745b2c\" data-element_type=\"container\" data-e-type=\"container\">\n\t\t\t\t<div class=\"elementor-element elementor-element-273a08d5 elementor-widget elementor-widget-heading\" data-id=\"273a08d5\" data-element_type=\"widget\" data-e-type=\"widget\" data-widget_type=\"heading.default\">\n\t\t\t\t<div class=\"elementor-widget-container\">\n\t\t\t\t\t<h2 class=\"elementor-heading-title elementor-size-default\">4. Exactitude des informations<\/h2>\t\t\t\t<\/div>\n\t\t\t\t<\/div>\n\t\t\t\t<div class=\"elementor-element elementor-element-28a4873f elementor-widget elementor-widget-heading\" data-id=\"28a4873f\" data-element_type=\"widget\" data-e-type=\"widget\" data-widget_type=\"heading.default\">\n\t\t\t\t<div class=\"elementor-widget-container\">\n\t\t\t\t\t<h2 class=\"elementor-heading-title elementor-size-default\"><p>4.1. Nous ne sommes pas responsables si les informations mises \u00e0 disposition sur ce site ne sont pas exactes, compl\u00e8tes ou \u00e0 jour.<\/p><p>4.2. Nous nous r\u00e9servons le droit de modifier le contenu de ce site \u00e0 tout moment, mais nous n'avons aucune obligation de mettre \u00e0 jour les informations pr\u00e9sentes sur notre site.<span style=\"color: var( --e-global-color-1429d85 );font-family: var( --e-global-typography-text-font-family ), Sans-serif;font-size: var( --e-global-typography-text-font-size );font-weight: var( --e-global-typography-text-font-weight );text-transform: var( --e-global-typography-text-text-transform )\"><\/span><\/p><\/h2>\t\t\t\t<\/div>\n\t\t\t\t<\/div>\n\t\t\t\t<\/div>\n\t\t<div class=\"elementor-element elementor-element-6e898b1d e-con-full e-flex e-con e-child\" data-id=\"6e898b1d\" data-element_type=\"container\" data-e-type=\"container\">\n\t\t\t\t<div class=\"elementor-element elementor-element-4e55a72f elementor-widget elementor-widget-heading\" data-id=\"4e55a72f\" data-element_type=\"widget\" data-e-type=\"widget\" data-widget_type=\"heading.default\">\n\t\t\t\t<div class=\"elementor-widget-container\">\n\t\t\t\t\t<h2 class=\"elementor-heading-title elementor-size-default\">5. Paiement<\/h2>\t\t\t\t<\/div>\n\t\t\t\t<\/div>\n\t\t\t\t<div class=\"elementor-element elementor-element-257bd172 elementor-widget elementor-widget-heading\" data-id=\"257bd172\" data-element_type=\"widget\" data-e-type=\"widget\" data-widget_type=\"heading.default\">\n\t\t\t\t<div class=\"elementor-widget-container\">\n\t\t\t\t\t<h2 class=\"elementor-heading-title elementor-size-default\">5.1. Tous les prix sont en dollars canadiens (CAD), sauf indication contraire.\n\n5.2. Le paiement peut \u00eatre effectu\u00e9 par Visa, MasterCard, American Express ou PayPal.\n\n5.3. Les informations de paiement sont transmises de mani\u00e8re s\u00e9curis\u00e9e \u00e0 l'aide du cryptage SSL.<\/h2>\t\t\t\t<\/div>\n\t\t\t\t<\/div>\n\t\t\t\t<\/div>\n\t\t<div class=\"elementor-element elementor-element-b71df7b e-con-full e-flex e-con e-child\" data-id=\"b71df7b\" data-element_type=\"container\" data-e-type=\"container\">\n\t\t\t\t<div class=\"elementor-element elementor-element-142d9d5 elementor-widget elementor-widget-heading\" data-id=\"142d9d5\" data-element_type=\"widget\" data-e-type=\"widget\" data-widget_type=\"heading.default\">\n\t\t\t\t<div class=\"elementor-widget-container\">\n\t\t\t\t\t<h2 class=\"elementor-heading-title elementor-size-default\">6. Exp\u00e9dition et livraison<\/h2>\t\t\t\t<\/div>\n\t\t\t\t<\/div>\n\t\t\t\t<div class=\"elementor-element elementor-element-ac53081 elementor-widget elementor-widget-heading\" data-id=\"ac53081\" data-element_type=\"widget\" data-e-type=\"widget\" data-widget_type=\"heading.default\">\n\t\t\t\t<div class=\"elementor-widget-container\">\n\t\t\t\t\t<h2 class=\"elementor-heading-title elementor-size-default\"><a href=\"https:\/\/maxetmilo.com\/fr\/faq\/\">6.1. Pour plus d'informations sur l'exp\u00e9dition et la livraison, <u>suivez ce lien<\/u>.<\/a><\/h2>\t\t\t\t<\/div>\n\t\t\t\t<\/div>\n\t\t\t\t<\/div>\n\t\t<div class=\"elementor-element elementor-element-698352e e-con-full e-flex e-con e-child\" data-id=\"698352e\" data-element_type=\"container\" data-e-type=\"container\">\n\t\t\t\t<div class=\"elementor-element elementor-element-e4199e4 elementor-widget elementor-widget-heading\" data-id=\"e4199e4\" data-element_type=\"widget\" data-e-type=\"widget\" data-widget_type=\"heading.default\">\n\t\t\t\t<div class=\"elementor-widget-container\">\n\t\t\t\t\t<h2 class=\"elementor-heading-title elementor-size-default\">7. \u00c9changes et Retours<\/h2>\t\t\t\t<\/div>\n\t\t\t\t<\/div>\n\t\t\t\t<div class=\"elementor-element elementor-element-0936930 elementor-widget elementor-widget-heading\" data-id=\"0936930\" data-element_type=\"widget\" data-e-type=\"widget\" data-widget_type=\"heading.default\">\n\t\t\t\t<div class=\"elementor-widget-container\">\n\t\t\t\t\t<h2 class=\"elementor-heading-title elementor-size-default\"><a href=\"https:\/\/maxetmilo.com\/fr\/faq\/\">7.1. Pour plus d'informations sur les retours et les \u00e9changes, <u>suivez ce lien<\/u>.<\/a><\/h2>\t\t\t\t<\/div>\n\t\t\t\t<\/div>\n\t\t\t\t<\/div>\n\t\t<div class=\"elementor-element elementor-element-961a8d3 e-con-full e-flex e-con e-child\" data-id=\"961a8d3\" data-element_type=\"container\" data-e-type=\"container\">\n\t\t\t\t<div class=\"elementor-element elementor-element-7ce2ea2 elementor-widget elementor-widget-heading\" data-id=\"7ce2ea2\" data-element_type=\"widget\" data-e-type=\"widget\" data-widget_type=\"heading.default\">\n\t\t\t\t<div class=\"elementor-widget-container\">\n\t\t\t\t\t<h2 class=\"elementor-heading-title elementor-size-default\">8. Politique de confidentialit\u00e9<\/h2>\t\t\t\t<\/div>\n\t\t\t\t<\/div>\n\t\t\t\t<div class=\"elementor-element elementor-element-d890026 elementor-widget elementor-widget-heading\" data-id=\"d890026\" data-element_type=\"widget\" data-e-type=\"widget\" data-widget_type=\"heading.default\">\n\t\t\t\t<div class=\"elementor-widget-container\">\n\t\t\t\t\t<h2 class=\"elementor-heading-title elementor-size-default\"><a href=\"https:\/\/maxetmilo.com\/fr\/privacy-policy\/\">8.1. Pour consulter la politique de confidentialit\u00e9, <u>veuillez suivre ce lien<\/u>.<\/a><\/h2>\t\t\t\t<\/div>\n\t\t\t\t<\/div>\n\t\t\t\t<\/div>\n\t\t<div class=\"elementor-element elementor-element-22d46999 e-con-full e-flex e-con e-child\" data-id=\"22d46999\" data-element_type=\"container\" data-e-type=\"container\">\n\t\t\t\t<div class=\"elementor-element elementor-element-5108f19a elementor-widget elementor-widget-heading\" data-id=\"5108f19a\" data-element_type=\"widget\" data-e-type=\"widget\" data-widget_type=\"heading.default\">\n\t\t\t\t<div class=\"elementor-widget-container\">\n\t\t\t\t\t<h2 class=\"elementor-heading-title elementor-size-default\">9. Propri\u00e9t\u00e9 intellectuelle<\/h2>\t\t\t\t<\/div>\n\t\t\t\t<\/div>\n\t\t\t\t<div class=\"elementor-element elementor-element-3f930be7 elementor-widget elementor-widget-text-editor\" data-id=\"3f930be7\" data-element_type=\"widget\" data-e-type=\"widget\" data-widget_type=\"text-editor.default\">\n\t\t\t\t<div class=\"elementor-widget-container\">\n\t\t\t\t\t\t\t\t\t<p>9.1. Le site web ainsi que son contenu original, ses fonctionnalit\u00e9s et sa fonctionnalit\u00e9 sont la propri\u00e9t\u00e9 de Max &amp; Milo (LKE) et sont prot\u00e9g\u00e9s par les lois internationales sur le droit d'auteur, les marques, les brevets, les secrets commerciaux et d'autres droits de propri\u00e9t\u00e9 intellectuelle ou exclusifs.<\/p>\t\t\t\t\t\t\t\t<\/div>\n\t\t\t\t<\/div>\n\t\t\t\t<\/div>\n\t\t<div class=\"elementor-element elementor-element-ac9891f e-con-full e-flex e-con e-child\" data-id=\"ac9891f\" data-element_type=\"container\" data-e-type=\"container\">\n\t\t\t\t<div class=\"elementor-element elementor-element-5b1b595 elementor-widget elementor-widget-heading\" data-id=\"5b1b595\" data-element_type=\"widget\" data-e-type=\"widget\" data-widget_type=\"heading.default\">\n\t\t\t\t<div class=\"elementor-widget-container\">\n\t\t\t\t\t<h2 class=\"elementor-heading-title elementor-size-default\">10. Limitation de responsabilit\u00e9<\/h2>\t\t\t\t<\/div>\n\t\t\t\t<\/div>\n\t\t\t\t<div class=\"elementor-element elementor-element-ebbfdc3 elementor-widget elementor-widget-text-editor\" data-id=\"ebbfdc3\" data-element_type=\"widget\" data-e-type=\"widget\" data-widget_type=\"text-editor.default\">\n\t\t\t\t<div class=\"elementor-widget-container\">\n\t\t\t\t\t\t\t\t\t<p>10.1. En aucun cas, Max &amp; Milo, ni ses dirigeants, employ\u00e9s, partenaires, agents, fournisseurs ou affili\u00e9s, ne sauraient \u00eatre tenus responsables de tout dommage indirect, accessoire, sp\u00e9cial, cons\u00e9cutif ou punitif, y compris, mais sans s'y limiter, la perte de b\u00e9n\u00e9fices, de donn\u00e9es, d'utilisation, de goodwill ou d'autres pertes intangibles, r\u00e9sultant de (i) votre acc\u00e8s ou utilisation ou incapacit\u00e9 d'acc\u00e9der ou d'utiliser le site web ; (ii) toute conduite ou contenu d'un tiers sur le site web ; (iii) tout contenu obtenu \u00e0 partir du site web ; et (iv) un acc\u00e8s, une utilisation ou une alt\u00e9ration non autoris\u00e9s de vos transmissions ou contenus, que ce soit sur la base d'une garantie, d'un contrat, d'un d\u00e9lit (y compris la n\u00e9gligence) ou de toute autre th\u00e9orie juridique, que nous ayons \u00e9t\u00e9 inform\u00e9s ou non de la possibilit\u00e9 de tels dommages, et m\u00eame si un recours pr\u00e9vu ici est jug\u00e9 avoir \u00e9chou\u00e9 dans son objectif essentiel.<\/p>\t\t\t\t\t\t\t\t<\/div>\n\t\t\t\t<\/div>\n\t\t\t\t<\/div>\n\t\t<div class=\"elementor-element elementor-element-90d2660 e-con-full e-flex e-con e-child\" data-id=\"90d2660\" data-element_type=\"container\" data-e-type=\"container\">\n\t\t\t\t<div class=\"elementor-element elementor-element-405a6d5 elementor-widget elementor-widget-heading\" data-id=\"405a6d5\" data-element_type=\"widget\" data-e-type=\"widget\" data-widget_type=\"heading.default\">\n\t\t\t\t<div class=\"elementor-widget-container\">\n\t\t\t\t\t<h2 class=\"elementor-heading-title elementor-size-default\">11. Loi applicable<\/h2>\t\t\t\t<\/div>\n\t\t\t\t<\/div>\n\t\t\t\t<div class=\"elementor-element elementor-element-891062b elementor-widget elementor-widget-text-editor\" data-id=\"891062b\" data-element_type=\"widget\" data-e-type=\"widget\" data-widget_type=\"text-editor.default\">\n\t\t\t\t<div class=\"elementor-widget-container\">\n\t\t\t\t\t\t\t\t\t<p>11.1. Les pr\u00e9sentes conditions g\u00e9n\u00e9rales sont r\u00e9gies et interpr\u00e9t\u00e9es conform\u00e9ment aux lois de la province de Qu\u00e9bec, Canada, et vous vous soumettez irr\u00e9vocablement \u00e0 la juridiction exclusive des tribunaux de cette province ou de ce lieu.<\/p>\t\t\t\t\t\t\t\t<\/div>\n\t\t\t\t<\/div>\n\t\t\t\t<\/div>\n\t\t<div class=\"elementor-element elementor-element-e358d41 e-con-full e-flex e-con e-child\" data-id=\"e358d41\" data-element_type=\"container\" data-e-type=\"container\">\n\t\t\t\t<div class=\"elementor-element elementor-element-fdcb16f elementor-widget elementor-widget-heading\" data-id=\"fdcb16f\" data-element_type=\"widget\" data-e-type=\"widget\" data-widget_type=\"heading.default\">\n\t\t\t\t<div class=\"elementor-widget-container\">\n\t\t\t\t\t<h2 class=\"elementor-heading-title elementor-size-default\">12. Modifications des conditions<\/h2>\t\t\t\t<\/div>\n\t\t\t\t<\/div>\n\t\t\t\t<div class=\"elementor-element elementor-element-f88b49c elementor-widget elementor-widget-text-editor\" data-id=\"f88b49c\" data-element_type=\"widget\" data-e-type=\"widget\" data-widget_type=\"text-editor.default\">\n\t\t\t\t<div class=\"elementor-widget-container\">\n\t\t\t\t\t\t\t\t\t<p>12.1. Nous nous r\u00e9servons le droit, \u00e0 notre enti\u00e8re discr\u00e9tion, de modifier ou de remplacer ces conditions g\u00e9n\u00e9rales \u00e0 tout moment. Si une r\u00e9vision est substantielle, nous essaierons de fournir un pr\u00e9avis d'au moins 30 jours avant l'entr\u00e9e en vigueur des nouvelles conditions. Ce qui constitue un changement substantiel sera d\u00e9termin\u00e9 \u00e0 notre enti\u00e8re discr\u00e9tion.<\/p>\t\t\t\t\t\t\t\t<\/div>\n\t\t\t\t<\/div>\n\t\t\t\t<\/div>\n\t\t<div class=\"elementor-element elementor-element-78de882 e-con-full e-flex e-con e-child\" data-id=\"78de882\" data-element_type=\"container\" data-e-type=\"container\">\n\t\t\t\t<div class=\"elementor-element elementor-element-3a218da elementor-widget elementor-widget-heading\" data-id=\"3a218da\" data-element_type=\"widget\" data-e-type=\"widget\" data-widget_type=\"heading.default\">\n\t\t\t\t<div class=\"elementor-widget-container\">\n\t\t\t\t\t<h2 class=\"elementor-heading-title elementor-size-default\">nous \u00e9crire<\/h2>\t\t\t\t<\/div>\n\t\t\t\t<\/div>\n\t\t\t\t<div class=\"elementor-element elementor-element-54e06c2 elementor-widget elementor-widget-text-editor\" data-id=\"54e06c2\" data-element_type=\"widget\" data-e-type=\"widget\" data-widget_type=\"text-editor.default\">\n\t\t\t\t<div class=\"elementor-widget-container\">\n\t\t\t\t\t\t\t\t\t<p>Si vous avez des questions concernant les conditions g\u00e9n\u00e9rales, veuillez nous contacter \u00e0 l'adresse suivante, <a href=\"mailto:contact@maxetmilo.com\">contact@maxetmilo.com<\/a>.<\/p>\t\t\t\t\t\t\t\t<\/div>\n\t\t\t\t<\/div>\n\t\t\t\t<\/div>\n\t\t\t\t<\/div>\n\t\t\t\t<\/div>\n\t\t\t\t<\/div>","protected":false},"excerpt":{"rendered":"<p>Terms and conditions By accessing this website, we assume you accept these terms and conditions in full. Do not continue using this website if you do not accept the terms and conditions. 1. Definitions 1.1. &#8220;Website&#8221; means &#8220;www.maxetmilo.com&#8221; and any subdomains thereof. 1.2. &#8220;User&#8221;, &#8220;You&#8221;, and &#8220;Your&#8221; refers to you, the person accessing this website [&hellip;]<\/p>\n","protected":false},"author":1,"featured_media":0,"parent":0,"menu_order":0,"comment_status":"closed","ping_status":"closed","template":"","meta":{"_acf_changed":false,"footnotes":""},"class_list":["post-1464","page","type-page","status-publish","hentry"],"acf":[],"jetpack_sharing_enabled":true,"publishpress_future_action":{"enabled":false,"date":"2026-04-24 09:53:10","action":"change-status","newStatus":"draft","terms":[],"taxonomy":"","extraData":[]},"publishpress_future_workflow_manual_trigger":{"enabledWorkflows":[]},"_links":{"self":[{"href":"https:\/\/maxetmilo.com\/fr\/wp-json\/wp\/v2\/pages\/1464","targetHints":{"allow":["GET"]}}],"collection":[{"href":"https:\/\/maxetmilo.com\/fr\/wp-json\/wp\/v2\/pages"}],"about":[{"href":"https:\/\/maxetmilo.com\/fr\/wp-json\/wp\/v2\/types\/page"}],"author":[{"embeddable":true,"href":"https:\/\/maxetmilo.com\/fr\/wp-json\/wp\/v2\/users\/1"}],"replies":[{"embeddable":true,"href":"https:\/\/maxetmilo.com\/fr\/wp-json\/wp\/v2\/comments?post=1464"}],"version-history":[{"count":4,"href":"https:\/\/maxetmilo.com\/fr\/wp-json\/wp\/v2\/pages\/1464\/revisions"}],"predecessor-version":[{"id":1478,"href":"https:\/\/maxetmilo.com\/fr\/wp-json\/wp\/v2\/pages\/1464\/revisions\/1478"}],"wp:attachment":[{"href":"https:\/\/maxetmilo.com\/fr\/wp-json\/wp\/v2\/media?parent=1464"}],"curies":[{"name":"wp","href":"https:\/\/api.w.org\/{rel}","templated":true}]}}